{"id":910,"date":"2022-03-17T08:53:56","date_gmt":"2022-03-17T08:53:56","guid":{"rendered":"https:\/\/www.baliprocargo.com\/?page_id=910"},"modified":"2023-04-20T03:35:32","modified_gmt":"2023-04-20T03:35:32","slug":"assurance","status":"publish","type":"page","link":"https:\/\/www.baliprocargo.com\/en\/insurance\/","title":{"rendered":"Insurance"},"content":{"rendered":"<div data-elementor-type=\"wp-page\" data-elementor-id=\"910\" class=\"elementor elementor-910\" data-elementor-settings=\"{&quot;ha_cmc_init_switcher&quot;:&quot;no&quot;}\" data-elementor-post-type=\"page\">\n\t\t\t\t\t\t<section class=\"elementor-section elementor-top-section elementor-element elementor-element-3bfbc06 elementor-section-full_width elementor-section-height-default elementor-section-height-default\" data-id=\"3bfbc06\" data-element_type=\"section\" data-settings=\"{&quot;background_background&quot;:&quot;classic&quot;,&quot;_ha_eqh_enable&quot;:false}\">\n\t\t\t\t\t\t<div class=\"elementor-container elementor-column-gap-default\">\n\t\t\t\t\t<div class=\"elementor-column elementor-col-100 elementor-top-column elementor-element elementor-element-87a1aad\" data-id=\"87a1aad\" data-element_type=\"column\">\n\t\t\t<div class=\"elementor-widget-wrap elementor-element-populated\">\n\t\t\t\t\t\t<section class=\"elementor-section elementor-inner-section elementor-element elementor-element-0fee2f6 elementor-section-boxed elementor-section-height-default elementor-section-height-default\" data-id=\"0fee2f6\" data-element_type=\"section\" data-settings=\"{&quot;background_background&quot;:&quot;classic&quot;,&quot;_ha_eqh_enable&quot;:false}\">\n\t\t\t\t\t\t<div class=\"elementor-container elementor-column-gap-default\">\n\t\t\t\t\t<div class=\"elementor-column elementor-col-100 elementor-inner-column elementor-element elementor-element-d44efab\" data-id=\"d44efab\" data-element_type=\"column\">\n\t\t\t<div class=\"elementor-widget-wrap elementor-element-populated\">\n\t\t\t\t\t\t<div class=\"elementor-element elementor-element-17005d0 elementor-widget elementor-widget-heading\" data-id=\"17005d0\" data-element_type=\"widget\" data-widget_type=\"heading.default\">\n\t\t\t\t<div class=\"elementor-widget-container\">\n\t\t\t\t\t<h1 class=\"elementor-heading-title elementor-size-default\">ASSURANCE<\/h1>\t\t\t\t<\/div>\n\t\t\t\t<\/div>\n\t\t\t\t<div class=\"elementor-element elementor-element-f5e1b65 elementor-icon-list--layout-inline elementor-align-center elementor-list-item-link-full_width elementor-widget elementor-widget-icon-list\" data-id=\"f5e1b65\" data-element_type=\"widget\" data-widget_type=\"icon-list.default\">\n\t\t\t\t<div class=\"elementor-widget-container\">\n\t\t\t\t\t\t\t<ul class=\"elementor-icon-list-items elementor-inline-items\">\n\t\t\t\t\t\t\t<li class=\"elementor-icon-list-item elementor-inline-item\">\n\t\t\t\t\t\t\t\t\t\t\t<a href=\"https:\/\/www.baliprocargo.com\/en\/\">\n\n\t\t\t\t\t\t\t\t\t\t\t<span class=\"elementor-icon-list-text\">Home<\/span>\n\t\t\t\t\t\t\t\t\t\t\t<\/a>\n\t\t\t\t\t\t\t\t\t<\/li>\n\t\t\t\t\t\t\t\t<li class=\"elementor-icon-list-item elementor-inline-item\">\n\t\t\t\t\t\t\t\t\t\t\t<a href=\"https:\/\/www.baliprocargo.com\/en\/service-de-conteneurs-a-bali\/\">\n\n\t\t\t\t\t\t\t\t\t\t\t\t<span class=\"elementor-icon-list-icon\">\n\t\t\t\t\t\t\t<i aria-hidden=\"true\" class=\"fas fa-long-arrow-alt-right\"><\/i>\t\t\t\t\t\t<\/span>\n\t\t\t\t\t\t\t\t\t\t<span class=\"elementor-icon-list-text\">Services<\/span>\n\t\t\t\t\t\t\t\t\t\t\t<\/a>\n\t\t\t\t\t\t\t\t\t<\/li>\n\t\t\t\t\t\t\t\t<li class=\"elementor-icon-list-item elementor-inline-item\">\n\t\t\t\t\t\t\t\t\t\t\t<span class=\"elementor-icon-list-icon\">\n\t\t\t\t\t\t\t<i aria-hidden=\"true\" class=\"fas fa-long-arrow-alt-right\"><\/i>\t\t\t\t\t\t<\/span>\n\t\t\t\t\t\t\t\t\t\t<span class=\"elementor-icon-list-text\">Insurance<\/span>\n\t\t\t\t\t\t\t\t\t<\/li>\n\t\t\t\t\t\t<\/ul>\n\t\t\t\t\t\t<\/div>\n\t\t\t\t<\/div>\n\t\t\t\t\t<\/div>\n\t\t<\/div>\n\t\t\t\t\t<\/div>\n\t\t<\/section>\n\t\t\t\t\t<\/div>\n\t\t<\/div>\n\t\t\t\t\t<\/div>\n\t\t<\/section>\n\t\t\t\t<section class=\"elementor-section elementor-top-section elementor-element elementor-element-5a8d6f1 elementor-section-full_width elementor-section-height-default elementor-section-height-default\" data-id=\"5a8d6f1\" data-element_type=\"section\" data-settings=\"{&quot;_ha_eqh_enable&quot;:false}\">\n\t\t\t\t\t\t<div class=\"elementor-container elementor-column-gap-default\">\n\t\t\t\t\t<div class=\"elementor-column elementor-col-100 elementor-top-column elementor-element elementor-element-23b57b3\" data-id=\"23b57b3\" data-element_type=\"column\">\n\t\t\t<div class=\"elementor-widget-wrap elementor-element-populated\">\n\t\t\t\t\t\t<section class=\"elementor-section elementor-inner-section elementor-element elementor-element-c2547b7 elementor-section-boxed elementor-section-height-default elementor-section-height-default\" data-id=\"c2547b7\" data-element_type=\"section\" data-settings=\"{&quot;_ha_eqh_enable&quot;:false}\">\n\t\t\t\t\t\t<div class=\"elementor-container elementor-column-gap-default\">\n\t\t\t\t\t<div class=\"elementor-column elementor-col-100 elementor-inner-column elementor-element elementor-element-fb413a3\" data-id=\"fb413a3\" data-element_type=\"column\">\n\t\t\t<div class=\"elementor-widget-wrap elementor-element-populated\">\n\t\t\t\t\t\t<div class=\"elementor-element elementor-element-23397c1 elementor-widget elementor-widget-heading\" data-id=\"23397c1\" data-element_type=\"widget\" data-widget_type=\"heading.default\">\n\t\t\t\t<div class=\"elementor-widget-container\">\n\t\t\t\t\t<h2 class=\"elementor-heading-title elementor-size-default\">Insurance Service<\/h2>\t\t\t\t<\/div>\n\t\t\t\t<\/div>\n\t\t\t\t<div class=\"elementor-element elementor-element-e1c0f60 elementor-widget elementor-widget-text-editor\" data-id=\"e1c0f60\" data-element_type=\"widget\" data-widget_type=\"text-editor.default\">\n\t\t\t\t<div class=\"elementor-widget-container\">\n\t\t\t\t\t\t\t\t\t<p>Bali Pro Cargo vous propose une assurance suppl\u00e9mentaire pour votre transport de marchandises depuis Bali. Cette assurance n&rsquo;est pas inclus normalement dans nos nos services de transport, mais elle peut \u00eatre ajout\u00e9 sur demande.&nbsp;<\/p>\t\t\t\t\t\t\t\t<\/div>\n\t\t\t\t<\/div>\n\t\t\t\t\t<\/div>\n\t\t<\/div>\n\t\t\t\t\t<\/div>\n\t\t<\/section>\n\t\t\t\t<section class=\"elementor-section elementor-inner-section elementor-element elementor-element-1e5eea7 elementor-section-boxed elementor-section-height-default elementor-section-height-default\" data-id=\"1e5eea7\" data-element_type=\"section\" data-settings=\"{&quot;_ha_eqh_enable&quot;:false}\">\n\t\t\t\t\t\t<div class=\"elementor-container elementor-column-gap-default\">\n\t\t\t\t\t<div class=\"elementor-column elementor-col-50 elementor-inner-column elementor-element elementor-element-572635c\" data-id=\"572635c\" data-element_type=\"column\">\n\t\t\t<div class=\"elementor-widget-wrap elementor-element-populated\">\n\t\t\t\t\t\t<div class=\"elementor-element elementor-element-eeab9c2 elementor-widget elementor-widget-text-editor\" data-id=\"eeab9c2\" data-element_type=\"widget\" data-widget_type=\"text-editor.default\">\n\t\t\t\t<div class=\"elementor-widget-container\">\n\t\t\t\t\t\t\t\t\t<h2><strong><span style=\"color: #000000;\">Estimated Cost<\/span><\/strong><\/h2><p>If you use air and sea shipping (FCL, LCL, Console), you are charged an insurance fee of 1.5% of the stated value and a $20 administration fee.<\/p>\t\t\t\t\t\t\t\t<\/div>\n\t\t\t\t<\/div>\n\t\t\t\t<div class=\"elementor-element elementor-element-b002404 elementor-widget elementor-widget-text-editor\" data-id=\"b002404\" data-element_type=\"widget\" data-widget_type=\"text-editor.default\">\n\t\t\t\t<div class=\"elementor-widget-container\">\n\t\t\t\t\t\t\t\t\t<p><strong>The documents required are:<\/strong><\/p>\n<p>&nbsp;&#8211; &nbsp; &nbsp;1x copie de l&rsquo;original B\/L<br>&nbsp;\u2013 1x copy of the invoice packing list<br>&nbsp;\u2013 IDR 10,000 stamp<\/p>\n<p>This insurance is in partnership with <a href=\"https:\/\/www.greateasterngeneral.com\/id\/in\/index.html\">Great Eastern General.<\/a><\/p>\t\t\t\t\t\t\t\t<\/div>\n\t\t\t\t<\/div>\n\t\t\t\t\t<\/div>\n\t\t<\/div>\n\t\t\t\t<div class=\"elementor-column elementor-col-50 elementor-inner-column elementor-element elementor-element-601f1c5\" data-id=\"601f1c5\" data-element_type=\"column\">\n\t\t\t<div class=\"elementor-widget-wrap\">\n\t\t\t\t\t\t\t<\/div>\n\t\t<\/div>\n\t\t\t\t\t<\/div>\n\t\t<\/section>\n\t\t\t\t\t<\/div>\n\t\t<\/div>\n\t\t\t\t\t<\/div>\n\t\t<\/section>\n\t\t\t\t<section class=\"elementor-section elementor-top-section elementor-element elementor-element-82e167e elementor-section-full_width elementor-section-height-default elementor-section-height-default\" data-id=\"82e167e\" data-element_type=\"section\" data-settings=\"{&quot;background_background&quot;:&quot;classic&quot;,&quot;_ha_eqh_enable&quot;:false}\">\n\t\t\t\t\t\t<div class=\"elementor-container elementor-column-gap-default\">\n\t\t\t\t\t<div class=\"elementor-column elementor-col-100 elementor-top-column elementor-element elementor-element-6357194\" data-id=\"6357194\" data-element_type=\"column\">\n\t\t\t<div class=\"elementor-widget-wrap elementor-element-populated\">\n\t\t\t\t\t\t<section class=\"elementor-section elementor-inner-section elementor-element elementor-element-10cab5e elementor-section-boxed elementor-section-height-default elementor-section-height-default\" data-id=\"10cab5e\" data-element_type=\"section\" data-settings=\"{&quot;_ha_eqh_enable&quot;:false}\">\n\t\t\t\t\t\t<div class=\"elementor-container elementor-column-gap-default\">\n\t\t\t\t\t<div class=\"elementor-column elementor-col-33 elementor-inner-column elementor-element elementor-element-09630af\" data-id=\"09630af\" data-element_type=\"column\">\n\t\t\t<div class=\"elementor-widget-wrap elementor-element-populated\">\n\t\t\t\t\t\t<div class=\"elementor-element elementor-element-25a1427 elementor-widget elementor-widget-heading\" data-id=\"25a1427\" data-element_type=\"widget\" data-widget_type=\"heading.default\">\n\t\t\t\t<div class=\"elementor-widget-container\">\n\t\t\t\t\t<h4 class=\"elementor-heading-title elementor-size-default\">Have a Questions?<\/h4>\t\t\t\t<\/div>\n\t\t\t\t<\/div>\n\t\t\t\t<div class=\"elementor-element elementor-element-3c67594 elementor-widget elementor-widget-heading\" data-id=\"3c67594\" data-element_type=\"widget\" data-widget_type=\"heading.default\">\n\t\t\t\t<div class=\"elementor-widget-container\">\n\t\t\t\t\t<h4 class=\"elementor-heading-title elementor-size-default\">We will give best solution for you<\/h4>\t\t\t\t<\/div>\n\t\t\t\t<\/div>\n\t\t\t\t\t<\/div>\n\t\t<\/div>\n\t\t\t\t<div class=\"elementor-column elementor-col-33 elementor-inner-column elementor-element elementor-element-68e606e\" data-id=\"68e606e\" data-element_type=\"column\">\n\t\t\t<div class=\"elementor-widget-wrap elementor-element-populated\">\n\t\t\t\t\t\t<div class=\"elementor-element elementor-element-6ca3163 elementor-widget elementor-widget-image\" data-id=\"6ca3163\" data-element_type=\"widget\" data-widget_type=\"image.default\">\n\t\t\t\t<div class=\"elementor-widget-container\">\n\t\t\t\t\t\t\t\t\t\t\t\t\t\t\t<img fetchpriority=\"high\" decoding=\"async\" width=\"1024\" height=\"758\" src=\"https:\/\/www.baliprocargo.com\/wp-content\/uploads\/2022\/03\/cs-bali-pro-cargo-1024x758.png\" class=\"attachment-large size-large wp-image-1502\" alt=\"cs bali pro cargo\" srcset=\"https:\/\/www.baliprocargo.com\/wp-content\/uploads\/2022\/03\/cs-bali-pro-cargo-1024x758.png 1024w, https:\/\/www.baliprocargo.com\/wp-content\/uploads\/2022\/03\/cs-bali-pro-cargo-300x222.png 300w, https:\/\/www.baliprocargo.com\/wp-content\/uploads\/2022\/03\/cs-bali-pro-cargo-768x568.png 768w, https:\/\/www.baliprocargo.com\/wp-content\/uploads\/2022\/03\/cs-bali-pro-cargo-1536x1137.png 1536w, https:\/\/www.baliprocargo.com\/wp-content\/uploads\/2022\/03\/cs-bali-pro-cargo-2048x1516.png 2048w, https:\/\/www.baliprocargo.com\/wp-content\/uploads\/2022\/03\/cs-bali-pro-cargo-16x12.png 16w\" sizes=\"(max-width: 1024px) 100vw, 1024px\" \/>\t\t\t\t\t\t\t\t\t\t\t\t\t\t\t<\/div>\n\t\t\t\t<\/div>\n\t\t\t\t\t<\/div>\n\t\t<\/div>\n\t\t\t\t<div class=\"elementor-column elementor-col-33 elementor-inner-column elementor-element elementor-element-17d60af\" data-id=\"17d60af\" data-element_type=\"column\">\n\t\t\t<div class=\"elementor-widget-wrap elementor-element-populated\">\n\t\t\t\t\t\t<div class=\"elementor-element elementor-element-804f1cc elementor-align-center elementor-widget elementor-widget-button\" data-id=\"804f1cc\" data-element_type=\"widget\" data-widget_type=\"button.default\">\n\t\t\t\t<div class=\"elementor-widget-container\">\n\t\t\t\t\t\t\t\t\t<div class=\"elementor-button-wrapper\">\n\t\t\t\t\t<a class=\"elementor-button elementor-button-link elementor-size-lg\" href=\"http:\/\/wa.me\/6287863260506\">\n\t\t\t\t\t\t<span class=\"elementor-button-content-wrapper\">\n\t\t\t\t\t\t\t\t\t<span class=\"elementor-button-text\">Contact Us<\/span>\n\t\t\t\t\t<\/span>\n\t\t\t\t\t<\/a>\n\t\t\t\t<\/div>\n\t\t\t\t\t\t\t\t<\/div>\n\t\t\t\t<\/div>\n\t\t\t\t\t<\/div>\n\t\t<\/div>\n\t\t\t\t\t<\/div>\n\t\t<\/section>\n\t\t\t\t\t<\/div>\n\t\t<\/div>\n\t\t\t\t\t<\/div>\n\t\t<\/section>\n\t\t\t\t<\/div>","protected":false},"excerpt":{"rendered":"<p>ASSURANCE Acceuil Services Assurance Service d&rsquo;assurance Bali Pro Cargo vous propose une assurance suppl\u00e9mentaire pour votre transport de marchandises depuis Bali. Cette assurance n&rsquo;est pas inclus normalement dans nos nos services de transport, mais elle peut \u00eatre ajout\u00e9 sur demande.&nbsp; Co\u00fbt estim\u00e9 Si vous avez choisis d&rsquo;envoyer vos marchandises par fret a\u00e9rien ou maritime (FCL, [&hellip;]<\/p>","protected":false},"author":1,"featured_media":0,"parent":0,"menu_order":0,"comment_status":"closed","ping_status":"closed","template":"","meta":{"site-sidebar-layout":"no-sidebar","site-content-layout":"page-builder","ast-site-content-layout":"default","site-content-style":"default","site-sidebar-style":"default","ast-global-header-display":"","ast-banner-title-visibility":"","ast-main-header-display":"","ast-hfb-above-header-display":"","ast-hfb-below-header-display":"","ast-hfb-mobile-header-display":"","site-post-title":"disabled","ast-breadcrumbs-content":"","ast-featured-img":"disabled","footer-sml-layout":"","ast-disable-related-posts":"","theme-transparent-header-meta":"","adv-header-id-meta":"","stick-header-meta":"","header-above-stick-meta":"","header-main-stick-meta":"","header-below-stick-meta":"","astra-migrate-meta-layouts":"default","ast-page-background-enabled":"default","ast-page-background-meta":{"desktop":{"background-color":"var(--ast-global-color-4)","background-image":"","background-repeat":"repeat","background-position":"center center","background-size":"auto","background-attachment":"scroll","background-type":"","background-media":"","overlay-type":"","overlay-color":"","overlay-opacity":"","overlay-gradient":""},"tablet":{"background-color":"","background-image":"","background-repeat":"repeat","background-position":"center center","background-size":"auto","background-attachment":"scroll","background-type":"","background-media":"","overlay-type":"","overlay-color":"","overlay-opacity":"","overlay-gradient":""},"mobile":{"background-color":"","background-image":"","background-repeat":"repeat","background-position":"center center","background-size":"auto","background-attachment":"scroll","background-type":"","background-media":"","overlay-type":"","overlay-color":"","overlay-opacity":"","overlay-gradient":""}},"ast-content-background-meta":{"desktop":{"background-color":"var(--ast-global-color-5)","background-image":"","background-repeat":"repeat","background-position":"center center","background-size":"auto","background-attachment":"scroll","background-type":"","background-media":"","overlay-type":"","overlay-color":"","overlay-opacity":"","overlay-gradient":""},"tablet":{"background-color":"var(--ast-global-color-5)","background-image":"","background-repeat":"repeat","background-position":"center center","background-size":"auto","background-attachment":"scroll","background-type":"","background-media":"","overlay-type":"","overlay-color":"","overlay-opacity":"","overlay-gradient":""},"mobile":{"background-color":"var(--ast-global-color-5)","background-image":"","background-repeat":"repeat","background-position":"center center","background-size":"auto","background-attachment":"scroll","background-type":"","background-media":"","overlay-type":"","overlay-color":"","overlay-opacity":"","overlay-gradient":""}},"footnotes":""},"class_list":["post-910","page","type-page","status-publish","hentry"],"yoast_head":"<!-- This site is optimized with the Yoast SEO plugin v25.7 - https:\/\/yoast.com\/wordpress\/plugins\/seo\/ -->\n<title>Assurance pour votre exp\u00e9dition - Bali Pro Cargo<\/title>\n<meta name=\"description\" content=\"Bali Pro Cargo vous propose une assurance compl\u00e9mentaire pour votre transport de fret depuis Bali, Java, Indon\u00e9sie.\" \/>\n<meta name=\"robots\" content=\"index, follow, max-snippet:-1, max-image-preview:large, max-video-preview:-1\" \/>\n<link rel=\"canonical\" href=\"https:\/\/www.baliprocargo.com\/en\/assurance\/\" \/>\n<meta property=\"og:locale\" content=\"en_US\" \/>\n<meta property=\"og:type\" content=\"article\" \/>\n<meta property=\"og:title\" content=\"Assurance pour votre exp\u00e9dition - Bali Pro Cargo\" \/>\n<meta property=\"og:description\" content=\"Bali Pro Cargo vous propose une assurance compl\u00e9mentaire pour votre transport de fret depuis Bali, Java, Indon\u00e9sie.\" \/>\n<meta property=\"og:url\" content=\"https:\/\/www.baliprocargo.com\/en\/assurance\/\" \/>\n<meta property=\"og:site_name\" content=\"Bali Pro Cargo\" \/>\n<meta property=\"article:modified_time\" content=\"2023-04-20T03:35:32+00:00\" \/>\n<meta property=\"og:image\" content=\"https:\/\/www.baliprocargo.com\/wp-content\/uploads\/2022\/03\/cs-bali-pro-cargo-1024x758.png\" \/>\n<meta name=\"twitter:card\" content=\"summary_large_image\" \/>\n<meta name=\"twitter:title\" content=\"Assurance pour votre exp\u00e9dition - Bali Pro Cargo\" \/>\n<meta name=\"twitter:description\" content=\"Bali Pro Cargo vous propose une assurance compl\u00e9mentaire pour votre transport de fret depuis Bali, Java, Indon\u00e9sie.\" \/>\n<meta name=\"twitter:label1\" content=\"Est. reading time\" \/>\n\t<meta name=\"twitter:data1\" content=\"1 minute\" \/>\n<script type=\"application\/ld+json\" class=\"yoast-schema-graph\">{\"@context\":\"https:\/\/schema.org\",\"@graph\":[{\"@type\":\"WebPage\",\"@id\":\"https:\/\/www.baliprocargo.com\/assurance\/\",\"url\":\"https:\/\/www.baliprocargo.com\/assurance\/\",\"name\":\"Assurance pour votre exp\u00e9dition - Bali Pro Cargo\",\"isPartOf\":{\"@id\":\"https:\/\/www.baliprocargo.com\/#website\"},\"primaryImageOfPage\":{\"@id\":\"https:\/\/www.baliprocargo.com\/assurance\/#primaryimage\"},\"image\":{\"@id\":\"https:\/\/www.baliprocargo.com\/assurance\/#primaryimage\"},\"thumbnailUrl\":\"https:\/\/www.baliprocargo.com\/wp-content\/uploads\/2022\/03\/cs-bali-pro-cargo-1024x758.png\",\"datePublished\":\"2022-03-17T08:53:56+00:00\",\"dateModified\":\"2023-04-20T03:35:32+00:00\",\"description\":\"Bali Pro Cargo vous propose une assurance compl\u00e9mentaire pour votre transport de fret depuis Bali, Java, Indon\u00e9sie.\",\"breadcrumb\":{\"@id\":\"https:\/\/www.baliprocargo.com\/assurance\/#breadcrumb\"},\"inLanguage\":\"en-US\",\"potentialAction\":[{\"@type\":\"ReadAction\",\"target\":[\"https:\/\/www.baliprocargo.com\/assurance\/\"]}]},{\"@type\":\"ImageObject\",\"inLanguage\":\"en-US\",\"@id\":\"https:\/\/www.baliprocargo.com\/assurance\/#primaryimage\",\"url\":\"https:\/\/www.baliprocargo.com\/wp-content\/uploads\/2022\/03\/cs-bali-pro-cargo-1024x758.png\",\"contentUrl\":\"https:\/\/www.baliprocargo.com\/wp-content\/uploads\/2022\/03\/cs-bali-pro-cargo-1024x758.png\"},{\"@type\":\"BreadcrumbList\",\"@id\":\"https:\/\/www.baliprocargo.com\/assurance\/#breadcrumb\",\"itemListElement\":[{\"@type\":\"ListItem\",\"position\":1,\"name\":\"Home\",\"item\":\"https:\/\/www.baliprocargo.com\/\"},{\"@type\":\"ListItem\",\"position\":2,\"name\":\"Assurance\"}]},{\"@type\":\"WebSite\",\"@id\":\"https:\/\/www.baliprocargo.com\/#website\",\"url\":\"https:\/\/www.baliprocargo.com\/\",\"name\":\"Bali Pro Cargo\",\"description\":\"Agent Forwarder Cargo Transitaire \u00e0 Bali Java Indon\u00e9sie\",\"publisher\":{\"@id\":\"https:\/\/www.baliprocargo.com\/#organization\"},\"potentialAction\":[{\"@type\":\"SearchAction\",\"target\":{\"@type\":\"EntryPoint\",\"urlTemplate\":\"https:\/\/www.baliprocargo.com\/?s={search_term_string}\"},\"query-input\":{\"@type\":\"PropertyValueSpecification\",\"valueRequired\":true,\"valueName\":\"search_term_string\"}}],\"inLanguage\":\"en-US\"},{\"@type\":\"Organization\",\"@id\":\"https:\/\/www.baliprocargo.com\/#organization\",\"name\":\"Bali Pro Cargo\",\"url\":\"https:\/\/www.baliprocargo.com\/\",\"logo\":{\"@type\":\"ImageObject\",\"inLanguage\":\"en-US\",\"@id\":\"https:\/\/www.baliprocargo.com\/#\/schema\/logo\/image\/\",\"url\":\"https:\/\/www.baliprocargo.com\/wp-content\/uploads\/2022\/04\/cropped-logo-fix-bali-pro-cargo.png\",\"contentUrl\":\"https:\/\/www.baliprocargo.com\/wp-content\/uploads\/2022\/04\/cropped-logo-fix-bali-pro-cargo.png\",\"width\":4000,\"height\":1164,\"caption\":\"Bali Pro Cargo\"},\"image\":{\"@id\":\"https:\/\/www.baliprocargo.com\/#\/schema\/logo\/image\/\"},\"sameAs\":[\"https:\/\/www.instagram.com\/bali.procargo\/\"]}]}<\/script>\n<!-- \/ Yoast SEO plugin. -->","yoast_head_json":{"title":"Insurance for your shipment - Bali Pro Cargo","description":"Bali Pro Cargo offers you additional insurance for your freight transport from Bali, Java, Indonesia.","robots":{"index":"index","follow":"follow","max-snippet":"max-snippet:-1","max-image-preview":"max-image-preview:large","max-video-preview":"max-video-preview:-1"},"canonical":"https:\/\/www.baliprocargo.com\/en\/assurance\/","og_locale":"en_US","og_type":"article","og_title":"Assurance pour votre exp\u00e9dition - Bali Pro Cargo","og_description":"Bali Pro Cargo vous propose une assurance compl\u00e9mentaire pour votre transport de fret depuis Bali, Java, Indon\u00e9sie.","og_url":"https:\/\/www.baliprocargo.com\/en\/assurance\/","og_site_name":"Bali Pro Cargo","article_modified_time":"2023-04-20T03:35:32+00:00","og_image":[{"url":"https:\/\/www.baliprocargo.com\/wp-content\/uploads\/2022\/03\/cs-bali-pro-cargo-1024x758.png","type":"","width":"","height":""}],"twitter_card":"summary_large_image","twitter_title":"Assurance pour votre exp\u00e9dition - Bali Pro Cargo","twitter_description":"Bali Pro Cargo vous propose une assurance compl\u00e9mentaire pour votre transport de fret depuis Bali, Java, Indon\u00e9sie.","twitter_misc":{"Est. reading time":"1 minute"},"schema":{"@context":"https:\/\/schema.org","@graph":[{"@type":"WebPage","@id":"https:\/\/www.baliprocargo.com\/assurance\/","url":"https:\/\/www.baliprocargo.com\/assurance\/","name":"Insurance for your shipment - Bali Pro Cargo","isPartOf":{"@id":"https:\/\/www.baliprocargo.com\/#website"},"primaryImageOfPage":{"@id":"https:\/\/www.baliprocargo.com\/assurance\/#primaryimage"},"image":{"@id":"https:\/\/www.baliprocargo.com\/assurance\/#primaryimage"},"thumbnailUrl":"https:\/\/www.baliprocargo.com\/wp-content\/uploads\/2022\/03\/cs-bali-pro-cargo-1024x758.png","datePublished":"2022-03-17T08:53:56+00:00","dateModified":"2023-04-20T03:35:32+00:00","description":"Bali Pro Cargo offers you additional insurance for your freight transport from Bali, Java, Indonesia.","breadcrumb":{"@id":"https:\/\/www.baliprocargo.com\/assurance\/#breadcrumb"},"inLanguage":"en-US","potentialAction":[{"@type":"ReadAction","target":["https:\/\/www.baliprocargo.com\/assurance\/"]}]},{"@type":"ImageObject","inLanguage":"en-US","@id":"https:\/\/www.baliprocargo.com\/assurance\/#primaryimage","url":"https:\/\/www.baliprocargo.com\/wp-content\/uploads\/2022\/03\/cs-bali-pro-cargo-1024x758.png","contentUrl":"https:\/\/www.baliprocargo.com\/wp-content\/uploads\/2022\/03\/cs-bali-pro-cargo-1024x758.png"},{"@type":"BreadcrumbList","@id":"https:\/\/www.baliprocargo.com\/assurance\/#breadcrumb","itemListElement":[{"@type":"ListItem","position":1,"name":"Home","item":"https:\/\/www.baliprocargo.com\/"},{"@type":"ListItem","position":2,"name":"Assurance"}]},{"@type":"WebSite","@id":"https:\/\/www.baliprocargo.com\/#website","url":"https:\/\/www.baliprocargo.com\/","name":"Bali Pro Cargo","description":"Agent Forwarder Cargo Transitaire \u00e0 Bali Java Indon\u00e9sie","publisher":{"@id":"https:\/\/www.baliprocargo.com\/#organization"},"potentialAction":[{"@type":"SearchAction","target":{"@type":"EntryPoint","urlTemplate":"https:\/\/www.baliprocargo.com\/?s={search_term_string}"},"query-input":{"@type":"PropertyValueSpecification","valueRequired":true,"valueName":"search_term_string"}}],"inLanguage":"en-US"},{"@type":"Organization","@id":"https:\/\/www.baliprocargo.com\/#organization","name":"Bali Pro Cargo","url":"https:\/\/www.baliprocargo.com\/","logo":{"@type":"ImageObject","inLanguage":"en-US","@id":"https:\/\/www.baliprocargo.com\/#\/schema\/logo\/image\/","url":"https:\/\/www.baliprocargo.com\/wp-content\/uploads\/2022\/04\/cropped-logo-fix-bali-pro-cargo.png","contentUrl":"https:\/\/www.baliprocargo.com\/wp-content\/uploads\/2022\/04\/cropped-logo-fix-bali-pro-cargo.png","width":4000,"height":1164,"caption":"Bali Pro Cargo"},"image":{"@id":"https:\/\/www.baliprocargo.com\/#\/schema\/logo\/image\/"},"sameAs":["https:\/\/www.instagram.com\/bali.procargo\/"]}]}},"_links":{"self":[{"href":"https:\/\/www.baliprocargo.com\/en\/wp-json\/wp\/v2\/pages\/910","targetHints":{"allow":["GET"]}}],"collection":[{"href":"https:\/\/www.baliprocargo.com\/en\/wp-json\/wp\/v2\/pages"}],"about":[{"href":"https:\/\/www.baliprocargo.com\/en\/wp-json\/wp\/v2\/types\/page"}],"author":[{"embeddable":true,"href":"https:\/\/www.baliprocargo.com\/en\/wp-json\/wp\/v2\/users\/1"}],"replies":[{"embeddable":true,"href":"https:\/\/www.baliprocargo.com\/en\/wp-json\/wp\/v2\/comments?post=910"}],"version-history":[{"count":0,"href":"https:\/\/www.baliprocargo.com\/en\/wp-json\/wp\/v2\/pages\/910\/revisions"}],"wp:attachment":[{"href":"https:\/\/www.baliprocargo.com\/en\/wp-json\/wp\/v2\/media?parent=910"}],"curies":[{"name":"wp","href":"https:\/\/api.w.org\/{rel}","templated":true}]}}