{"id":406,"date":"2022-03-11T03:05:08","date_gmt":"2022-03-11T03:05:08","guid":{"rendered":"https:\/\/www.baliprocargo.com\/?page_id=406"},"modified":"2023-02-03T07:47:16","modified_gmt":"2023-02-03T07:47:16","slug":"modalites-et-conditions","status":"publish","type":"page","link":"https:\/\/www.baliprocargo.com\/en\/terms-and-condition\/","title":{"rendered":"Terms and Condition"},"content":{"rendered":"<div data-elementor-type=\"wp-page\" data-elementor-id=\"406\" class=\"elementor elementor-406\" data-elementor-settings=\"{&quot;ha_cmc_init_switcher&quot;:&quot;no&quot;}\" data-elementor-post-type=\"page\">\n\t\t\t\t\t\t<section class=\"elementor-section elementor-top-section elementor-element elementor-element-1a5004a elementor-section-full_width elementor-section-height-default elementor-section-height-default\" data-id=\"1a5004a\" data-element_type=\"section\" data-settings=\"{&quot;background_background&quot;:&quot;classic&quot;,&quot;_ha_eqh_enable&quot;:false}\">\n\t\t\t\t\t\t<div class=\"elementor-container elementor-column-gap-default\">\n\t\t\t\t\t<div class=\"elementor-column elementor-col-100 elementor-top-column elementor-element elementor-element-51399fa\" data-id=\"51399fa\" data-element_type=\"column\">\n\t\t\t<div class=\"elementor-widget-wrap elementor-element-populated\">\n\t\t\t\t\t\t<div class=\"elementor-element elementor-element-208a780 elementor-widget elementor-widget-heading\" data-id=\"208a780\" data-element_type=\"widget\" data-widget_type=\"heading.default\">\n\t\t\t\t<div class=\"elementor-widget-container\">\n\t\t\t\t\t<h1 class=\"elementor-heading-title elementor-size-default\">Terms and Condition<\/h1>\t\t\t\t<\/div>\n\t\t\t\t<\/div>\n\t\t\t\t<div class=\"elementor-element elementor-element-58786dd elementor-icon-list--layout-inline elementor-align-center elementor-list-item-link-full_width elementor-widget elementor-widget-icon-list\" data-id=\"58786dd\" data-element_type=\"widget\" data-widget_type=\"icon-list.default\">\n\t\t\t\t<div class=\"elementor-widget-container\">\n\t\t\t\t\t\t\t<ul class=\"elementor-icon-list-items elementor-inline-items\">\n\t\t\t\t\t\t\t<li class=\"elementor-icon-list-item elementor-inline-item\">\n\t\t\t\t\t\t\t\t\t\t\t<a href=\"https:\/\/www.baliprocargo.com\/en\/\">\n\n\t\t\t\t\t\t\t\t\t\t\t<span class=\"elementor-icon-list-text\">Home<\/span>\n\t\t\t\t\t\t\t\t\t\t\t<\/a>\n\t\t\t\t\t\t\t\t\t<\/li>\n\t\t\t\t\t\t\t\t<li class=\"elementor-icon-list-item elementor-inline-item\">\n\t\t\t\t\t\t\t\t\t\t\t<span class=\"elementor-icon-list-icon\">\n\t\t\t\t\t\t\t<i aria-hidden=\"true\" class=\"fas fa-long-arrow-alt-right\"><\/i>\t\t\t\t\t\t<\/span>\n\t\t\t\t\t\t\t\t\t\t<span class=\"elementor-icon-list-text\">About Us<\/span>\n\t\t\t\t\t\t\t\t\t<\/li>\n\t\t\t\t\t\t\t\t<li class=\"elementor-icon-list-item elementor-inline-item\">\n\t\t\t\t\t\t\t\t\t\t\t<span class=\"elementor-icon-list-icon\">\n\t\t\t\t\t\t\t<i aria-hidden=\"true\" class=\"fas fa-long-arrow-alt-right\"><\/i>\t\t\t\t\t\t<\/span>\n\t\t\t\t\t\t\t\t\t\t<span class=\"elementor-icon-list-text\">Terms and Condition<\/span>\n\t\t\t\t\t\t\t\t\t<\/li>\n\t\t\t\t\t\t<\/ul>\n\t\t\t\t\t\t<\/div>\n\t\t\t\t<\/div>\n\t\t\t\t\t<\/div>\n\t\t<\/div>\n\t\t\t\t\t<\/div>\n\t\t<\/section>\n\t\t\t\t<section class=\"elementor-section elementor-top-section elementor-element elementor-element-01fbb4c elementor-section-boxed elementor-section-height-default elementor-section-height-default\" data-id=\"01fbb4c\" data-element_type=\"section\" data-settings=\"{&quot;_ha_eqh_enable&quot;:false}\">\n\t\t\t\t\t\t<div class=\"elementor-container elementor-column-gap-default\">\n\t\t\t\t\t<div class=\"elementor-column elementor-col-100 elementor-top-column elementor-element elementor-element-741adcb\" data-id=\"741adcb\" data-element_type=\"column\">\n\t\t\t<div class=\"elementor-widget-wrap elementor-element-populated\">\n\t\t\t\t\t\t<div class=\"elementor-element elementor-element-5db11fe elementor-widget elementor-widget-text-editor\" data-id=\"5db11fe\" data-element_type=\"widget\" data-widget_type=\"text-editor.default\">\n\t\t\t\t<div class=\"elementor-widget-container\">\n\t\t\t\t\t\t\t\t\t<p><span style=\"color: #161c28;\">These general conditions referred to as \"Contract\" are applicable to any order placed and accepted by BALI PRO CARGO, (hereinafter referred to as \"BALI PRO CARGO\"): each document and\/or correspondence related to this contract, duly signed or sent by the person, whether by mail, mail or email, fax in any file format, these means will be considered as ORIGINAL documents, legally binding and enforceable as such.<\/span><\/p><ol><li><strong><span style=\"color: #161c28;\">LEGAL DOMICILE AND COMMUNICATION<\/span><\/strong><br \/><span style=\"color: #161c28;\">BALI PRO CARGO (hereinafter referred to as \"BALI PRO CARGO\" is a supply, import-export company, incorporated under the laws of Indonesia and having its registered office at JALAN TANGKUBAN PERAHU, LINGKUNGAN PENGIPIAN, Kel. Kerobokan, Kec. Kuta Utara, Kab. Badung, Bali Province, Indonesia.<\/span><p><span style=\"color: #161c28;\">Our business hours are 8:00 a.m. to 5:00 p.m. WITA time (GMT+7).<\/span><br \/><span style=\"color: #161c28;\">Any correspondence and\/or communication relating to our services that we receive outside working hours will be dealt with the next working day.<\/span><\/p><\/li><li><strong><span style=\"color: #161c28;\">ORDER SUBJECT TO ACCEPTANCE<\/span><\/strong><br \/><span style=\"color: #161c28;\">All orders are subject to the prior acceptance of BALI PRO CARGO as a trader with its suppliers. Upon acceptance of an order placed by the Buyer, BALI PRO CARGO will send the Buyer a Pro forma Invoice for the products specified in the Order, to be confirmed by the Buyer.<\/span><\/li><li><strong><span style=\"color: #161c28;\">PAYMENT TERMS<\/span><\/strong><br \/><span style=\"color: #161c28;\">A deposit of 50% of the total order by bank transfer to our professional bank account, after confirmation of the quote by the buyer. A financial settlement for the follow-up of the execution of the orders will be requested. They can go up to 40% in addition to the amount of the order. Full payment must be paid at the end of the order with the supplier, before the removal of the products. A payment request is sent by BALI PRO CARGO to the customer and must be paid within a maximum of 3 days in order to pay the supplier.<\/span><\/li><li><strong><span style=\"color: #161c28;\">DELIVERY AND SHIPPING<\/span><\/strong><br \/><span style=\"color: #161c28;\">The ordered goods are then collected, packed and shipped by freight forwarder \"Cargo\" in Indonesia. A Pro Forma Invoice is established by BALI PRO CARGO or directly by the carrier of your choice. This invoice will be established according to the volume, the conditions specific to certain goods, the fees and charges applicable by the Indonesian government and the services of the \"CARGO\" (freight forwarder in Indonesia). The amounts include all fees and taxes in Indonesia as well as shipping costs in the event that the customer asks us to make the shipment.<\/span><\/li><li><strong><span style=\"color: #161c28;\">PRICES AND CONDITIONS<\/span><\/strong><br \/><span style=\"color: #161c28;\">Published prices are net unless otherwise stated and are at supplier's point of origin. All points of origin are at the discretion of BALI PRO CARGO. The final point of origin will be indicated on the \"PFI\" order confirmation and will be the point of origin used for all billing purposes. Prices do not include freight charges, shipping, in-transit insurance, storage charges, sales or other taxes.<\/span><\/li><li><strong><span style=\"color: #161c28;\">TERMS OF SALES<\/span><\/strong><br \/><span style=\"color: #161c28;\">Prior to placing an order, there must be written confirmation of the proforma invoice by the BUYER and the required deposit must be received. Each customer's order will be processed as indicated on the order confirmation and sent by BALI PRO CARGO. In the event of a discrepancy, the BUYER must inform BALI PRO CARGO within two (2) days from the date of validation of the order. BALI PRO CARGO declines all responsibility for shipments to destinations other than those indicated on our order confirmation. The order confirmation can only be modified by writing to BALI PRO CARGO. Orders become final<\/span><\/li><li><strong><span style=\"color: #161c28;\">REALIZATION OF THE ORDER<\/span><\/strong><br \/><span style=\"color: #161c28;\"><strong>BALI PRO CARGO<\/strong> welcomes any request for development of BUYER's own designs. HOWEVER, the BUYER shall indemnify BALI PRO CARGO against all loss and liability, including legal costs on an indemnity basis, arising from the customer's claims based on the non-compliance of the goods with any law or local law. intellectual property.<\/span><\/li><li><strong><span style=\"color: #161c28;\">Production time<\/span><\/strong><p><span style=\"color: #161c28;\">Each product from BALI PRO CARGO is individually handcrafted by our skilled craftsmen. Accordingly, please allow approximately 8 weeks from the date we receive the signed approval\/confirmation of the proforma invoice.<\/span><\/p><p><span style=\"color: #161c28;\">Delivery times may vary outside of this production time slot due to factors such as number of pieces ordered, holidays, production delays, etc.<\/span><\/p><p><span style=\"color: #161c28;\">PRODUCTION can only begin after receipt of the 50% deposit by BALI PRO CARGO.<\/span><\/p><\/li><li class=\"onterms\"><strong><span style=\"color: #161c28;\">ORDER CANCELLATION<\/span><\/strong><br \/><span style=\"color: #161c28;\">BALI PRO CARGO is not obliged to accept the modifications requested after confirmation of the order. However, BALI PRO CARGO may accept reasonable changes to an order under the following conditions:<\/span><br \/><span style=\"color: #161c28;\">1. The request must be submitted in writing and received in time to be implemented.<\/span><br \/><span style=\"color: #161c28;\">2. Alterations will be subject to additional charges for materials, labor and administrative fees. Orders cannot be canceled once production has started.<\/span><\/li><li><strong><span style=\"color: #161c28;\">MATERIALS<\/span><\/strong><br \/><span style=\"color: #161c28;\"><strong>BALI PRO CARGO<\/strong> reserves the right to modify the materials or discontinue production if for any reason the materials are not commercially available. Due to the hand shaping of our furniture, decorations and handicrafts, including on the nature of highly sensitive materials, variations in color swatches and production can be expected. It is specified that all dimensions and load capacity requirements stated in the Pro Forma are to be considered approximate.<\/span><\/li><li><strong><span style=\"color: #161c28;\">FINISHING<\/span><\/strong><br \/><span style=\"color: #161c28;\">Due to the unique qualities of rattan, wood and bamboo, variations such as grain color, grain pattern and unique markings are to be expected. These variations may be present on each piece of furniture and within the same door\/drawer front and are not considered defects. Lacquer shade may vary slightly due to slight lacquer manufacturer variations. Our swatches are used for illustrative purposes ONLY and should not be taken to represent the exact lines or shade of your finished products. The buyer agrees not to dispute the finish, color, texture or any other physical attribute after delivery of a product.<\/span><\/li><li><strong><span style=\"color: #161c28;\">CONTROL OF GOODS<\/span><\/strong><br \/><span style=\"color: #161c28;\">The Buyer acknowledges and agrees that he is under an obligation to carry out a full inspection and\/or examination of the Goods as soon as the BUYER has received notification from BALI PRO CARGO when the date of the \"ORDER\" becomes available for inspections, and in no case more than 5 working days. If for any reason BUYER is unable to inspect, all orders will be shipped as is and BUYER HEREBY DISCLAIMS ALL WARRANTIES, express or implied, including warranties of quality of goods and of particular merchantability and fitness.<\/span><\/li><li><strong><span style=\"color: #161c28;\">DELIVERY, OWNERSHIP AND RISK OF LOSS<\/span><\/strong><br \/><span style=\"color: #161c28;\">Unless otherwise instructed by BUYER in writing, Seller shall make the goods available for Cargo. All product delivery points are at the discretion of BALI PRO CARGO, title and risk of loss of the goods shall pass to the buyer upon such delivery by the seller. Delivery dates given are approximate. The seller cannot be held responsible for losses, damages, penalties or costs in the event of non-compliance with a delivery date.<\/span><\/li><li><strong><span style=\"color: #161c28;\">INTELLECTUAL PROPERTY<\/span><\/strong><br \/><span style=\"color: #161c28;\">Except as expressly provided in this Agreement, each party retains all rights to its intellectual property. All Intellectual Property Rights created or generated by the Parties or their employees in connection with the provision of the Services or the Transition Services shall vest in the party that created or generated its Intellectual Property Rights or its employees. Title to all inventions made jointly by BALI PRO CARGO or its employees with the Buyer or its employees, during the term of this Agreement, shall be held jointly by BALI PRO CARGO.<\/span><\/li><li><strong><span style=\"color: #161c28;\">FORCE MAJOR<\/span><\/strong><br \/><span style=\"color: #161c28;\">Due to the artistic and custom nature of the manufacturing process, all completion and delivery dates listed are probabilities only. BALI PRO CARGO shall not be liable for any delays in performance or shipment or non-delivery due to any reason of force majeure or for any cause beyond the reasonable control of the manufacturer, including but not limited to the failure resulting from acts of God, war, insurrection or civil unrest, riots, government law or regulation, strikes, lockouts, weather disruption, cyberattacks, failure to obtain finished materials, failure to secure transportation, or any cause beyond the commercially reasonable will of our evening.<\/span><\/li><li><strong><span style=\"color: #161c28;\">RULES OF LAW<\/span><\/strong><br \/><span style=\"color: #161c28;\">These terms and conditions and all the agreements described, as well as all the instructions above, are valid and binding according to the rules of Indonesian law for both parties when signing these agreements. (Indonesian Arbitration will have exclusive jurisdiction over any white disputes that may arise between Buyer and Seller).<\/span><\/li><\/ol>\t\t\t\t\t\t\t\t<\/div>\n\t\t\t\t<\/div>\n\t\t\t\t\t<\/div>\n\t\t<\/div>\n\t\t\t\t\t<\/div>\n\t\t<\/section>\n\t\t\t\t<\/div>","protected":false},"excerpt":{"rendered":"<p>Modalit\u00e9s Et Conditions Acceuil \u00c0 Propos Modalit\u00e9s Et Conditions Les pr\u00e9sentes conditions g\u00e9n\u00e9rales d\u00e9nomm\u00e9es \u00ab Contrat \u00bb sont applicables \u00e0 toute commande pass\u00e9e et accept\u00e9e par BALI PRO CARGO, (ci-apr\u00e8s d\u00e9nomm\u00e9e \u00ab\u00a0BALI PRO CARGO\u00a0\u00bb) : chaque document et\/ou correspondance li\u00e9 au pr\u00e9sent contrat, d\u00fbment sign\u00e9 ou envoy\u00e9 par le personne, que ce soit par courrier, [&hellip;]<\/p>","protected":false},"author":1,"featured_media":0,"parent":0,"menu_order":0,"comment_status":"closed","ping_status":"closed","template":"","meta":{"site-sidebar-layout":"no-sidebar","site-content-layout":"page-builder","ast-site-content-layout":"default","site-content-style":"default","site-sidebar-style":"default","ast-global-header-display":"","ast-banner-title-visibility":"","ast-main-header-display":"","ast-hfb-above-header-display":"","ast-hfb-below-header-display":"","ast-hfb-mobile-header-display":"","site-post-title":"disabled","ast-breadcrumbs-content":"","ast-featured-img":"disabled","footer-sml-layout":"","ast-disable-related-posts":"","theme-transparent-header-meta":"","adv-header-id-meta":"","stick-header-meta":"","header-above-stick-meta":"","header-main-stick-meta":"","header-below-stick-meta":"","astra-migrate-meta-layouts":"default","ast-page-background-enabled":"default","ast-page-background-meta":{"desktop":{"background-color":"var(--ast-global-color-4)","background-image":"","background-repeat":"repeat","background-position":"center center","background-size":"auto","background-attachment":"scroll","background-type":"","background-media":"","overlay-type":"","overlay-color":"","overlay-opacity":"","overlay-gradient":""},"tablet":{"background-color":"","background-image":"","background-repeat":"repeat","background-position":"center center","background-size":"auto","background-attachment":"scroll","background-type":"","background-media":"","overlay-type":"","overlay-color":"","overlay-opacity":"","overlay-gradient":""},"mobile":{"background-color":"","background-image":"","background-repeat":"repeat","background-position":"center center","background-size":"auto","background-attachment":"scroll","background-type":"","background-media":"","overlay-type":"","overlay-color":"","overlay-opacity":"","overlay-gradient":""}},"ast-content-background-meta":{"desktop":{"background-color":"var(--ast-global-color-5)","background-image":"","background-repeat":"repeat","background-position":"center center","background-size":"auto","background-attachment":"scroll","background-type":"","background-media":"","overlay-type":"","overlay-color":"","overlay-opacity":"","overlay-gradient":""},"tablet":{"background-color":"var(--ast-global-color-5)","background-image":"","background-repeat":"repeat","background-position":"center center","background-size":"auto","background-attachment":"scroll","background-type":"","background-media":"","overlay-type":"","overlay-color":"","overlay-opacity":"","overlay-gradient":""},"mobile":{"background-color":"var(--ast-global-color-5)","background-image":"","background-repeat":"repeat","background-position":"center center","background-size":"auto","background-attachment":"scroll","background-type":"","background-media":"","overlay-type":"","overlay-color":"","overlay-opacity":"","overlay-gradient":""}},"footnotes":""},"class_list":["post-406","page","type-page","status-publish","hentry"],"yoast_head":"<!-- This site is optimized with the Yoast SEO plugin v25.7 - https:\/\/yoast.com\/wordpress\/plugins\/seo\/ -->\n<title>Modalit\u00e9s Et Conditions - Bali Pro Cargo<\/title>\n<meta name=\"description\" content=\"Lisez nos termes et conditions pour comprendre comment nous travaillons pour l&#039;accord.\" \/>\n<meta name=\"robots\" content=\"index, follow, max-snippet:-1, max-image-preview:large, max-video-preview:-1\" \/>\n<link rel=\"canonical\" href=\"https:\/\/www.baliprocargo.com\/en\/modalites-et-conditions\/\" \/>\n<meta property=\"og:locale\" content=\"en_US\" \/>\n<meta property=\"og:type\" content=\"article\" \/>\n<meta property=\"og:title\" content=\"Modalit\u00e9s Et Conditions - Bali Pro Cargo\" \/>\n<meta property=\"og:description\" content=\"Lisez nos termes et conditions pour comprendre comment nous travaillons pour l&#039;accord.\" \/>\n<meta property=\"og:url\" content=\"https:\/\/www.baliprocargo.com\/en\/modalites-et-conditions\/\" \/>\n<meta property=\"og:site_name\" content=\"Bali Pro Cargo\" \/>\n<meta property=\"article:modified_time\" content=\"2023-02-03T07:47:16+00:00\" \/>\n<meta name=\"twitter:card\" content=\"summary_large_image\" \/>\n<meta name=\"twitter:label1\" content=\"Est. reading time\" \/>\n\t<meta name=\"twitter:data1\" content=\"7 minutes\" \/>\n<script type=\"application\/ld+json\" class=\"yoast-schema-graph\">{\"@context\":\"https:\/\/schema.org\",\"@graph\":[{\"@type\":\"WebPage\",\"@id\":\"https:\/\/www.baliprocargo.com\/modalites-et-conditions\/\",\"url\":\"https:\/\/www.baliprocargo.com\/modalites-et-conditions\/\",\"name\":\"Modalit\u00e9s Et Conditions - Bali Pro Cargo\",\"isPartOf\":{\"@id\":\"https:\/\/www.baliprocargo.com\/#website\"},\"datePublished\":\"2022-03-11T03:05:08+00:00\",\"dateModified\":\"2023-02-03T07:47:16+00:00\",\"description\":\"Lisez nos termes et conditions pour comprendre comment nous travaillons pour l'accord.\",\"breadcrumb\":{\"@id\":\"https:\/\/www.baliprocargo.com\/modalites-et-conditions\/#breadcrumb\"},\"inLanguage\":\"en-US\",\"potentialAction\":[{\"@type\":\"ReadAction\",\"target\":[\"https:\/\/www.baliprocargo.com\/modalites-et-conditions\/\"]}]},{\"@type\":\"BreadcrumbList\",\"@id\":\"https:\/\/www.baliprocargo.com\/modalites-et-conditions\/#breadcrumb\",\"itemListElement\":[{\"@type\":\"ListItem\",\"position\":1,\"name\":\"Home\",\"item\":\"https:\/\/www.baliprocargo.com\/\"},{\"@type\":\"ListItem\",\"position\":2,\"name\":\"Modalit\u00e9s Et Conditions\"}]},{\"@type\":\"WebSite\",\"@id\":\"https:\/\/www.baliprocargo.com\/#website\",\"url\":\"https:\/\/www.baliprocargo.com\/\",\"name\":\"Bali Pro Cargo\",\"description\":\"Agent Forwarder Cargo Transitaire \u00e0 Bali Java Indon\u00e9sie\",\"publisher\":{\"@id\":\"https:\/\/www.baliprocargo.com\/#organization\"},\"potentialAction\":[{\"@type\":\"SearchAction\",\"target\":{\"@type\":\"EntryPoint\",\"urlTemplate\":\"https:\/\/www.baliprocargo.com\/?s={search_term_string}\"},\"query-input\":{\"@type\":\"PropertyValueSpecification\",\"valueRequired\":true,\"valueName\":\"search_term_string\"}}],\"inLanguage\":\"en-US\"},{\"@type\":\"Organization\",\"@id\":\"https:\/\/www.baliprocargo.com\/#organization\",\"name\":\"Bali Pro Cargo\",\"url\":\"https:\/\/www.baliprocargo.com\/\",\"logo\":{\"@type\":\"ImageObject\",\"inLanguage\":\"en-US\",\"@id\":\"https:\/\/www.baliprocargo.com\/#\/schema\/logo\/image\/\",\"url\":\"https:\/\/www.baliprocargo.com\/wp-content\/uploads\/2022\/04\/cropped-logo-fix-bali-pro-cargo.png\",\"contentUrl\":\"https:\/\/www.baliprocargo.com\/wp-content\/uploads\/2022\/04\/cropped-logo-fix-bali-pro-cargo.png\",\"width\":4000,\"height\":1164,\"caption\":\"Bali Pro Cargo\"},\"image\":{\"@id\":\"https:\/\/www.baliprocargo.com\/#\/schema\/logo\/image\/\"},\"sameAs\":[\"https:\/\/www.instagram.com\/bali.procargo\/\"]}]}<\/script>\n<!-- \/ Yoast SEO plugin. -->","yoast_head_json":{"title":"Terms and Conditions - Bali Pro Cargo","description":"Lisez nos termes et conditions pour comprendre comment nous travaillons pour l'accord.","robots":{"index":"index","follow":"follow","max-snippet":"max-snippet:-1","max-image-preview":"max-image-preview:large","max-video-preview":"max-video-preview:-1"},"canonical":"https:\/\/www.baliprocargo.com\/en\/modalites-et-conditions\/","og_locale":"en_US","og_type":"article","og_title":"Modalit\u00e9s Et Conditions - Bali Pro Cargo","og_description":"Lisez nos termes et conditions pour comprendre comment nous travaillons pour l'accord.","og_url":"https:\/\/www.baliprocargo.com\/en\/modalites-et-conditions\/","og_site_name":"Bali Pro Cargo","article_modified_time":"2023-02-03T07:47:16+00:00","twitter_card":"summary_large_image","twitter_misc":{"Est. reading time":"7 minutes"},"schema":{"@context":"https:\/\/schema.org","@graph":[{"@type":"WebPage","@id":"https:\/\/www.baliprocargo.com\/modalites-et-conditions\/","url":"https:\/\/www.baliprocargo.com\/modalites-et-conditions\/","name":"Terms and Conditions - Bali Pro Cargo","isPartOf":{"@id":"https:\/\/www.baliprocargo.com\/#website"},"datePublished":"2022-03-11T03:05:08+00:00","dateModified":"2023-02-03T07:47:16+00:00","description":"Lisez nos termes et conditions pour comprendre comment nous travaillons pour l'accord.","breadcrumb":{"@id":"https:\/\/www.baliprocargo.com\/modalites-et-conditions\/#breadcrumb"},"inLanguage":"en-US","potentialAction":[{"@type":"ReadAction","target":["https:\/\/www.baliprocargo.com\/modalites-et-conditions\/"]}]},{"@type":"BreadcrumbList","@id":"https:\/\/www.baliprocargo.com\/modalites-et-conditions\/#breadcrumb","itemListElement":[{"@type":"ListItem","position":1,"name":"Home","item":"https:\/\/www.baliprocargo.com\/"},{"@type":"ListItem","position":2,"name":"Modalit\u00e9s Et Conditions"}]},{"@type":"WebSite","@id":"https:\/\/www.baliprocargo.com\/#website","url":"https:\/\/www.baliprocargo.com\/","name":"Bali Pro Cargo","description":"Agent Forwarder Cargo Transitaire \u00e0 Bali Java Indon\u00e9sie","publisher":{"@id":"https:\/\/www.baliprocargo.com\/#organization"},"potentialAction":[{"@type":"SearchAction","target":{"@type":"EntryPoint","urlTemplate":"https:\/\/www.baliprocargo.com\/?s={search_term_string}"},"query-input":{"@type":"PropertyValueSpecification","valueRequired":true,"valueName":"search_term_string"}}],"inLanguage":"en-US"},{"@type":"Organization","@id":"https:\/\/www.baliprocargo.com\/#organization","name":"Bali Pro Cargo","url":"https:\/\/www.baliprocargo.com\/","logo":{"@type":"ImageObject","inLanguage":"en-US","@id":"https:\/\/www.baliprocargo.com\/#\/schema\/logo\/image\/","url":"https:\/\/www.baliprocargo.com\/wp-content\/uploads\/2022\/04\/cropped-logo-fix-bali-pro-cargo.png","contentUrl":"https:\/\/www.baliprocargo.com\/wp-content\/uploads\/2022\/04\/cropped-logo-fix-bali-pro-cargo.png","width":4000,"height":1164,"caption":"Bali Pro Cargo"},"image":{"@id":"https:\/\/www.baliprocargo.com\/#\/schema\/logo\/image\/"},"sameAs":["https:\/\/www.instagram.com\/bali.procargo\/"]}]}},"_links":{"self":[{"href":"https:\/\/www.baliprocargo.com\/en\/wp-json\/wp\/v2\/pages\/406","targetHints":{"allow":["GET"]}}],"collection":[{"href":"https:\/\/www.baliprocargo.com\/en\/wp-json\/wp\/v2\/pages"}],"about":[{"href":"https:\/\/www.baliprocargo.com\/en\/wp-json\/wp\/v2\/types\/page"}],"author":[{"embeddable":true,"href":"https:\/\/www.baliprocargo.com\/en\/wp-json\/wp\/v2\/users\/1"}],"replies":[{"embeddable":true,"href":"https:\/\/www.baliprocargo.com\/en\/wp-json\/wp\/v2\/comments?post=406"}],"version-history":[{"count":0,"href":"https:\/\/www.baliprocargo.com\/en\/wp-json\/wp\/v2\/pages\/406\/revisions"}],"wp:attachment":[{"href":"https:\/\/www.baliprocargo.com\/en\/wp-json\/wp\/v2\/media?parent=406"}],"curies":[{"name":"wp","href":"https:\/\/api.w.org\/{rel}","templated":true}]}}