{"id":385,"date":"2022-03-11T03:02:08","date_gmt":"2022-03-11T03:02:08","guid":{"rendered":"https:\/\/www.baliprocargo.com\/?page_id=385"},"modified":"2023-04-20T03:39:15","modified_gmt":"2023-04-20T03:39:15","slug":"services-de-demenagement-bali","status":"publish","type":"page","link":"https:\/\/www.baliprocargo.com\/en\/moving-services-bali\/","title":{"rendered":"Moving Services"},"content":{"rendered":"<div data-elementor-type=\"wp-page\" data-elementor-id=\"385\" class=\"elementor elementor-385\" data-elementor-settings=\"{&quot;ha_cmc_init_switcher&quot;:&quot;no&quot;}\" data-elementor-post-type=\"page\">\n\t\t\t\t\t\t<section class=\"elementor-section elementor-top-section elementor-element elementor-element-5f91c26 elementor-section-full_width elementor-section-height-default elementor-section-height-default\" data-id=\"5f91c26\" data-element_type=\"section\" data-settings=\"{&quot;background_background&quot;:&quot;classic&quot;,&quot;_ha_eqh_enable&quot;:false}\">\n\t\t\t\t\t\t<div class=\"elementor-container elementor-column-gap-default\">\n\t\t\t\t\t<div class=\"elementor-column elementor-col-100 elementor-top-column elementor-element elementor-element-c96a16e\" data-id=\"c96a16e\" data-element_type=\"column\">\n\t\t\t<div class=\"elementor-widget-wrap elementor-element-populated\">\n\t\t\t\t\t\t<section class=\"elementor-section elementor-inner-section elementor-element elementor-element-9c53d41 elementor-section-boxed elementor-section-height-default elementor-section-height-default\" data-id=\"9c53d41\" data-element_type=\"section\" data-settings=\"{&quot;background_background&quot;:&quot;classic&quot;,&quot;_ha_eqh_enable&quot;:false}\">\n\t\t\t\t\t\t<div class=\"elementor-container elementor-column-gap-default\">\n\t\t\t\t\t<div class=\"elementor-column elementor-col-100 elementor-inner-column elementor-element elementor-element-1a1a2e9\" data-id=\"1a1a2e9\" data-element_type=\"column\">\n\t\t\t<div class=\"elementor-widget-wrap elementor-element-populated\">\n\t\t\t\t\t\t<div class=\"elementor-element elementor-element-85c7c1f elementor-widget elementor-widget-heading\" data-id=\"85c7c1f\" data-element_type=\"widget\" data-widget_type=\"heading.default\">\n\t\t\t\t<div class=\"elementor-widget-container\">\n\t\t\t\t\t<h1 class=\"elementor-heading-title elementor-size-default\">Moving Services Bali<\/h1>\t\t\t\t<\/div>\n\t\t\t\t<\/div>\n\t\t\t\t<div class=\"elementor-element elementor-element-db1e023 elementor-icon-list--layout-inline elementor-align-center elementor-list-item-link-full_width elementor-widget elementor-widget-icon-list\" data-id=\"db1e023\" data-element_type=\"widget\" data-widget_type=\"icon-list.default\">\n\t\t\t\t<div class=\"elementor-widget-container\">\n\t\t\t\t\t\t\t<ul class=\"elementor-icon-list-items elementor-inline-items\">\n\t\t\t\t\t\t\t<li class=\"elementor-icon-list-item elementor-inline-item\">\n\t\t\t\t\t\t\t\t\t\t\t<a href=\"https:\/\/www.baliprocargo.com\/en\/\">\n\n\t\t\t\t\t\t\t\t\t\t\t<span class=\"elementor-icon-list-text\">Home<\/span>\n\t\t\t\t\t\t\t\t\t\t\t<\/a>\n\t\t\t\t\t\t\t\t\t<\/li>\n\t\t\t\t\t\t\t\t<li class=\"elementor-icon-list-item elementor-inline-item\">\n\t\t\t\t\t\t\t\t\t\t\t<a href=\"#\">\n\n\t\t\t\t\t\t\t\t\t\t\t\t<span class=\"elementor-icon-list-icon\">\n\t\t\t\t\t\t\t<i aria-hidden=\"true\" class=\"fas fa-long-arrow-alt-right\"><\/i>\t\t\t\t\t\t<\/span>\n\t\t\t\t\t\t\t\t\t\t<span class=\"elementor-icon-list-text\">Our Solution<\/span>\n\t\t\t\t\t\t\t\t\t\t\t<\/a>\n\t\t\t\t\t\t\t\t\t<\/li>\n\t\t\t\t\t\t\t\t<li class=\"elementor-icon-list-item elementor-inline-item\">\n\t\t\t\t\t\t\t\t\t\t\t<span class=\"elementor-icon-list-icon\">\n\t\t\t\t\t\t\t<i aria-hidden=\"true\" class=\"fas fa-long-arrow-alt-right\"><\/i>\t\t\t\t\t\t<\/span>\n\t\t\t\t\t\t\t\t\t\t<span class=\"elementor-icon-list-text\">Moving Services Bali<\/span>\n\t\t\t\t\t\t\t\t\t<\/li>\n\t\t\t\t\t\t<\/ul>\n\t\t\t\t\t\t<\/div>\n\t\t\t\t<\/div>\n\t\t\t\t\t<\/div>\n\t\t<\/div>\n\t\t\t\t\t<\/div>\n\t\t<\/section>\n\t\t\t\t\t<\/div>\n\t\t<\/div>\n\t\t\t\t\t<\/div>\n\t\t<\/section>\n\t\t\t\t<section class=\"elementor-section elementor-top-section elementor-element elementor-element-f7a8146 elementor-section-boxed elementor-section-height-default elementor-section-height-default\" data-id=\"f7a8146\" data-element_type=\"section\" data-settings=\"{&quot;_ha_eqh_enable&quot;:false}\">\n\t\t\t\t\t\t<div class=\"elementor-container elementor-column-gap-default\">\n\t\t\t\t\t<div class=\"elementor-column elementor-col-50 elementor-top-column elementor-element elementor-element-4c4f043\" data-id=\"4c4f043\" data-element_type=\"column\">\n\t\t\t<div class=\"elementor-widget-wrap elementor-element-populated\">\n\t\t\t\t\t\t<div class=\"elementor-element elementor-element-c335aaf elementor-widget elementor-widget-heading\" data-id=\"c335aaf\" data-element_type=\"widget\" data-widget_type=\"heading.default\">\n\t\t\t\t<div class=\"elementor-widget-container\">\n\t\t\t\t\t<h2 class=\"elementor-heading-title elementor-size-default\">Do you want to move your home or office to\/from Bali?<\/h2>\t\t\t\t<\/div>\n\t\t\t\t<\/div>\n\t\t\t\t<div class=\"elementor-element elementor-element-693c386 elementor-widget elementor-widget-text-editor\" data-id=\"693c386\" data-element_type=\"widget\" data-widget_type=\"text-editor.default\">\n\t\t\t\t<div class=\"elementor-widget-container\">\n\t\t\t\t\t\t\t\t\t<p>Bali Pro Cargo is your best solution for moving services. We collect your goods from your home or office and then deliver them to your new home or office. Bali Pro Cargo offers a simple moving solution, transparent tracking, and an affordable price.<\/p><p>We always ensure the safe handling of personal items. You can also consult our team regarding the transfer that will be made. This consultation explains the entire process, from pickup to delivery, so you can choose the right shipping method. Then we will put you in touch with our moving coordinator to help you and manage the move.<\/p>\t\t\t\t\t\t\t\t<\/div>\n\t\t\t\t<\/div>\n\t\t\t\t\t<\/div>\n\t\t<\/div>\n\t\t\t\t<div class=\"elementor-column elementor-col-50 elementor-top-column elementor-element elementor-element-f15620b\" data-id=\"f15620b\" data-element_type=\"column\">\n\t\t\t<div class=\"elementor-widget-wrap elementor-element-populated\">\n\t\t\t\t\t\t<div class=\"elementor-element elementor-element-b4a0ea5 elementor-widget elementor-widget-image\" data-id=\"b4a0ea5\" data-element_type=\"widget\" data-widget_type=\"image.default\">\n\t\t\t\t<div class=\"elementor-widget-container\">\n\t\t\t\t\t\t\t\t\t\t\t\t\t\t\t<img decoding=\"async\" src=\"https:\/\/www.baliprocargo.com\/wp-content\/uploads\/elementor\/thumbs\/moving-services-bali-pro-cargo-pmwkymjxkx2d8ivnn1x068er7r69jhfxa3qlx6f2jk.jpeg\" title=\"moving services bali pro cargo\" alt=\"moving services bali pro cargo\" loading=\"lazy\" \/>\t\t\t\t\t\t\t\t\t\t\t\t\t\t\t<\/div>\n\t\t\t\t<\/div>\n\t\t\t\t\t<\/div>\n\t\t<\/div>\n\t\t\t\t\t<\/div>\n\t\t<\/section>\n\t\t\t\t<section class=\"elementor-section elementor-top-section elementor-element elementor-element-427cd2a elementor-section-boxed elementor-section-height-default elementor-section-height-default\" data-id=\"427cd2a\" data-element_type=\"section\" data-settings=\"{&quot;background_background&quot;:&quot;classic&quot;,&quot;_ha_eqh_enable&quot;:false}\">\n\t\t\t\t\t\t<div class=\"elementor-container elementor-column-gap-default\">\n\t\t\t\t\t<div class=\"elementor-column elementor-col-33 elementor-top-column elementor-element elementor-element-80046de\" data-id=\"80046de\" data-element_type=\"column\">\n\t\t\t<div class=\"elementor-widget-wrap elementor-element-populated\">\n\t\t\t\t\t\t<div class=\"elementor-element elementor-element-24c6335 elementor-widget elementor-widget-heading\" data-id=\"24c6335\" data-element_type=\"widget\" data-widget_type=\"heading.default\">\n\t\t\t\t<div class=\"elementor-widget-container\">\n\t\t\t\t\t<h4 class=\"elementor-heading-title elementor-size-default\">Des questions ?<\/h4>\t\t\t\t<\/div>\n\t\t\t\t<\/div>\n\t\t\t\t<div class=\"elementor-element elementor-element-c7da781 elementor-widget elementor-widget-heading\" data-id=\"c7da781\" data-element_type=\"widget\" data-widget_type=\"heading.default\">\n\t\t\t\t<div class=\"elementor-widget-container\">\n\t\t\t\t\t<h4 class=\"elementor-heading-title elementor-size-default\">We will give best solution for you<\/h4>\t\t\t\t<\/div>\n\t\t\t\t<\/div>\n\t\t\t\t\t<\/div>\n\t\t<\/div>\n\t\t\t\t<div class=\"elementor-column elementor-col-33 elementor-top-column elementor-element elementor-element-63f34d4\" data-id=\"63f34d4\" data-element_type=\"column\">\n\t\t\t<div class=\"elementor-widget-wrap elementor-element-populated\">\n\t\t\t\t\t\t<div class=\"elementor-element elementor-element-ffced8b elementor-widget elementor-widget-image\" data-id=\"ffced8b\" data-element_type=\"widget\" data-widget_type=\"image.default\">\n\t\t\t\t<div class=\"elementor-widget-container\">\n\t\t\t\t\t\t\t\t\t\t\t\t\t\t\t<img fetchpriority=\"high\" decoding=\"async\" width=\"1024\" height=\"758\" src=\"https:\/\/www.baliprocargo.com\/wp-content\/uploads\/2022\/03\/cs-bali-pro-cargo-1024x758.png\" class=\"attachment-large size-large wp-image-1502\" alt=\"cs bali pro cargo\" srcset=\"https:\/\/www.baliprocargo.com\/wp-content\/uploads\/2022\/03\/cs-bali-pro-cargo-1024x758.png 1024w, https:\/\/www.baliprocargo.com\/wp-content\/uploads\/2022\/03\/cs-bali-pro-cargo-300x222.png 300w, https:\/\/www.baliprocargo.com\/wp-content\/uploads\/2022\/03\/cs-bali-pro-cargo-768x568.png 768w, https:\/\/www.baliprocargo.com\/wp-content\/uploads\/2022\/03\/cs-bali-pro-cargo-1536x1137.png 1536w, https:\/\/www.baliprocargo.com\/wp-content\/uploads\/2022\/03\/cs-bali-pro-cargo-2048x1516.png 2048w, https:\/\/www.baliprocargo.com\/wp-content\/uploads\/2022\/03\/cs-bali-pro-cargo-16x12.png 16w\" sizes=\"(max-width: 1024px) 100vw, 1024px\" \/>\t\t\t\t\t\t\t\t\t\t\t\t\t\t\t<\/div>\n\t\t\t\t<\/div>\n\t\t\t\t\t<\/div>\n\t\t<\/div>\n\t\t\t\t<div class=\"elementor-column elementor-col-33 elementor-top-column elementor-element elementor-element-5924497\" data-id=\"5924497\" data-element_type=\"column\">\n\t\t\t<div class=\"elementor-widget-wrap elementor-element-populated\">\n\t\t\t\t\t\t<div class=\"elementor-element elementor-element-e195809 elementor-align-center elementor-widget elementor-widget-button\" data-id=\"e195809\" data-element_type=\"widget\" data-widget_type=\"button.default\">\n\t\t\t\t<div class=\"elementor-widget-container\">\n\t\t\t\t\t\t\t\t\t<div class=\"elementor-button-wrapper\">\n\t\t\t\t\t<a class=\"elementor-button elementor-button-link elementor-size-lg\" href=\"http:\/\/wa.me\/6287863260506\">\n\t\t\t\t\t\t<span class=\"elementor-button-content-wrapper\">\n\t\t\t\t\t\t\t\t\t<span class=\"elementor-button-text\">Contact Us<\/span>\n\t\t\t\t\t<\/span>\n\t\t\t\t\t<\/a>\n\t\t\t\t<\/div>\n\t\t\t\t\t\t\t\t<\/div>\n\t\t\t\t<\/div>\n\t\t\t\t\t<\/div>\n\t\t<\/div>\n\t\t\t\t\t<\/div>\n\t\t<\/section>\n\t\t\t\t<\/div>","protected":false},"excerpt":{"rendered":"<p>Services de d\u00e9m\u00e9nagement Bali Acceuil Nos Solutions Services de d\u00e9m\u00e9nagement Bali Vous souhaitez d\u00e9m\u00e9nager votre domicile ou votre bureau vers\/depuis Bali\u00a0? Bali Pro Cargo est votre meilleure solution pour les services de d\u00e9m\u00e9nagement. Nous r\u00e9cup\u00e9rons vos marchandises \u00e0 votre domicile ou bureau et les livrons ensuite \u00e0 votre nouveau domicile ou bureau. Bali Pro Cargo [&hellip;]<\/p>","protected":false},"author":1,"featured_media":0,"parent":0,"menu_order":0,"comment_status":"closed","ping_status":"closed","template":"","meta":{"site-sidebar-layout":"no-sidebar","site-content-layout":"page-builder","ast-site-content-layout":"default","site-content-style":"default","site-sidebar-style":"default","ast-global-header-display":"","ast-banner-title-visibility":"","ast-main-header-display":"","ast-hfb-above-header-display":"","ast-hfb-below-header-display":"","ast-hfb-mobile-header-display":"","site-post-title":"disabled","ast-breadcrumbs-content":"","ast-featured-img":"disabled","footer-sml-layout":"","ast-disable-related-posts":"","theme-transparent-header-meta":"","adv-header-id-meta":"","stick-header-meta":"","header-above-stick-meta":"","header-main-stick-meta":"","header-below-stick-meta":"","astra-migrate-meta-layouts":"default","ast-page-background-enabled":"default","ast-page-background-meta":{"desktop":{"background-color":"var(--ast-global-color-4)","background-image":"","background-repeat":"repeat","background-position":"center center","background-size":"auto","background-attachment":"scroll","background-type":"","background-media":"","overlay-type":"","overlay-color":"","overlay-opacity":"","overlay-gradient":""},"tablet":{"background-color":"","background-image":"","background-repeat":"repeat","background-position":"center center","background-size":"auto","background-attachment":"scroll","background-type":"","background-media":"","overlay-type":"","overlay-color":"","overlay-opacity":"","overlay-gradient":""},"mobile":{"background-color":"","background-image":"","background-repeat":"repeat","background-position":"center center","background-size":"auto","background-attachment":"scroll","background-type":"","background-media":"","overlay-type":"","overlay-color":"","overlay-opacity":"","overlay-gradient":""}},"ast-content-background-meta":{"desktop":{"background-color":"var(--ast-global-color-5)","background-image":"","background-repeat":"repeat","background-position":"center center","background-size":"auto","background-attachment":"scroll","background-type":"","background-media":"","overlay-type":"","overlay-color":"","overlay-opacity":"","overlay-gradient":""},"tablet":{"background-color":"var(--ast-global-color-5)","background-image":"","background-repeat":"repeat","background-position":"center center","background-size":"auto","background-attachment":"scroll","background-type":"","background-media":"","overlay-type":"","overlay-color":"","overlay-opacity":"","overlay-gradient":""},"mobile":{"background-color":"var(--ast-global-color-5)","background-image":"","background-repeat":"repeat","background-position":"center center","background-size":"auto","background-attachment":"scroll","background-type":"","background-media":"","overlay-type":"","overlay-color":"","overlay-opacity":"","overlay-gradient":""}},"footnotes":""},"class_list":["post-385","page","type-page","status-publish","hentry"],"yoast_head":"<!-- This site is optimized with the Yoast SEO plugin v25.7 - https:\/\/yoast.com\/wordpress\/plugins\/seo\/ -->\n<title>Entreprise de d\u00e9m\u00e9nagement - France Bali Java Indon\u00e9sie - Bali Pro Cargo<\/title>\n<meta name=\"description\" content=\"Bali Pro Cargo fournit des services de d\u00e9m\u00e9nagement pour ceux d&#039;entre vous qui souhaitent se d\u00e9placer entre les villes, les provinces et \u00e0 l&#039;international, qui sont g\u00e9r\u00e9s par notre \u00e9quipe professionnelle.\" \/>\n<meta name=\"robots\" content=\"index, follow, max-snippet:-1, max-image-preview:large, max-video-preview:-1\" \/>\n<link rel=\"canonical\" href=\"https:\/\/www.baliprocargo.com\/en\/services-de-demenagement-bali\/\" \/>\n<meta property=\"og:locale\" content=\"en_US\" \/>\n<meta property=\"og:type\" content=\"article\" \/>\n<meta property=\"og:title\" content=\"Entreprise de d\u00e9m\u00e9nagement - France Bali Java Indon\u00e9sie - Bali Pro Cargo\" \/>\n<meta property=\"og:description\" content=\"Bali Pro Cargo fournit des services de d\u00e9m\u00e9nagement pour ceux d&#039;entre vous qui souhaitent se d\u00e9placer entre les villes, les provinces et \u00e0 l&#039;international, qui sont g\u00e9r\u00e9s par notre \u00e9quipe professionnelle.\" \/>\n<meta property=\"og:url\" content=\"https:\/\/www.baliprocargo.com\/en\/services-de-demenagement-bali\/\" \/>\n<meta property=\"og:site_name\" content=\"Bali Pro Cargo\" \/>\n<meta property=\"article:modified_time\" content=\"2023-04-20T03:39:15+00:00\" \/>\n<meta property=\"og:image\" content=\"https:\/\/www.baliprocargo.com\/wp-content\/uploads\/elementor\/thumbs\/moving-services-bali-pro-cargo-pmwkymjxkx2d8ivnn1x068er7r69jhfxa3qlx6f2jk.jpeg\" \/>\n<meta name=\"twitter:card\" content=\"summary_large_image\" \/>\n<meta name=\"twitter:title\" content=\"Entreprise de d\u00e9m\u00e9nagement - France Bali Java Indon\u00e9sie - Bali Pro Cargo\" \/>\n<meta name=\"twitter:description\" content=\"Bali Pro Cargo fournit des services de d\u00e9m\u00e9nagement pour ceux d&#039;entre vous qui souhaitent se d\u00e9placer entre les villes, les provinces et \u00e0 l&#039;international, qui sont g\u00e9r\u00e9s par notre \u00e9quipe professionnelle.\" \/>\n<meta name=\"twitter:label1\" content=\"Est. reading time\" \/>\n\t<meta name=\"twitter:data1\" content=\"2 minutes\" \/>\n<script type=\"application\/ld+json\" class=\"yoast-schema-graph\">{\"@context\":\"https:\/\/schema.org\",\"@graph\":[{\"@type\":\"WebPage\",\"@id\":\"https:\/\/www.baliprocargo.com\/services-de-demenagement-bali\/\",\"url\":\"https:\/\/www.baliprocargo.com\/services-de-demenagement-bali\/\",\"name\":\"Entreprise de d\u00e9m\u00e9nagement - France Bali Java Indon\u00e9sie - Bali Pro Cargo\",\"isPartOf\":{\"@id\":\"https:\/\/www.baliprocargo.com\/#website\"},\"primaryImageOfPage\":{\"@id\":\"https:\/\/www.baliprocargo.com\/services-de-demenagement-bali\/#primaryimage\"},\"image\":{\"@id\":\"https:\/\/www.baliprocargo.com\/services-de-demenagement-bali\/#primaryimage\"},\"thumbnailUrl\":\"https:\/\/www.baliprocargo.com\/wp-content\/uploads\/elementor\/thumbs\/moving-services-bali-pro-cargo-pmwkymjxkx2d8ivnn1x068er7r69jhfxa3qlx6f2jk.jpeg\",\"datePublished\":\"2022-03-11T03:02:08+00:00\",\"dateModified\":\"2023-04-20T03:39:15+00:00\",\"description\":\"Bali Pro Cargo fournit des services de d\u00e9m\u00e9nagement pour ceux d'entre vous qui souhaitent se d\u00e9placer entre les villes, les provinces et \u00e0 l'international, qui sont g\u00e9r\u00e9s par notre \u00e9quipe professionnelle.\",\"breadcrumb\":{\"@id\":\"https:\/\/www.baliprocargo.com\/services-de-demenagement-bali\/#breadcrumb\"},\"inLanguage\":\"en-US\",\"potentialAction\":[{\"@type\":\"ReadAction\",\"target\":[\"https:\/\/www.baliprocargo.com\/services-de-demenagement-bali\/\"]}]},{\"@type\":\"ImageObject\",\"inLanguage\":\"en-US\",\"@id\":\"https:\/\/www.baliprocargo.com\/services-de-demenagement-bali\/#primaryimage\",\"url\":\"https:\/\/www.baliprocargo.com\/wp-content\/uploads\/elementor\/thumbs\/moving-services-bali-pro-cargo-pmwkymjxkx2d8ivnn1x068er7r69jhfxa3qlx6f2jk.jpeg\",\"contentUrl\":\"https:\/\/www.baliprocargo.com\/wp-content\/uploads\/elementor\/thumbs\/moving-services-bali-pro-cargo-pmwkymjxkx2d8ivnn1x068er7r69jhfxa3qlx6f2jk.jpeg\"},{\"@type\":\"BreadcrumbList\",\"@id\":\"https:\/\/www.baliprocargo.com\/services-de-demenagement-bali\/#breadcrumb\",\"itemListElement\":[{\"@type\":\"ListItem\",\"position\":1,\"name\":\"Home\",\"item\":\"https:\/\/www.baliprocargo.com\/\"},{\"@type\":\"ListItem\",\"position\":2,\"name\":\"Services De D\u00e9m\u00e9nagement Bali\"}]},{\"@type\":\"WebSite\",\"@id\":\"https:\/\/www.baliprocargo.com\/#website\",\"url\":\"https:\/\/www.baliprocargo.com\/\",\"name\":\"Bali Pro Cargo\",\"description\":\"Agent Forwarder Cargo Transitaire \u00e0 Bali Java Indon\u00e9sie\",\"publisher\":{\"@id\":\"https:\/\/www.baliprocargo.com\/#organization\"},\"potentialAction\":[{\"@type\":\"SearchAction\",\"target\":{\"@type\":\"EntryPoint\",\"urlTemplate\":\"https:\/\/www.baliprocargo.com\/?s={search_term_string}\"},\"query-input\":{\"@type\":\"PropertyValueSpecification\",\"valueRequired\":true,\"valueName\":\"search_term_string\"}}],\"inLanguage\":\"en-US\"},{\"@type\":\"Organization\",\"@id\":\"https:\/\/www.baliprocargo.com\/#organization\",\"name\":\"Bali Pro Cargo\",\"url\":\"https:\/\/www.baliprocargo.com\/\",\"logo\":{\"@type\":\"ImageObject\",\"inLanguage\":\"en-US\",\"@id\":\"https:\/\/www.baliprocargo.com\/#\/schema\/logo\/image\/\",\"url\":\"https:\/\/www.baliprocargo.com\/wp-content\/uploads\/2022\/04\/cropped-logo-fix-bali-pro-cargo.png\",\"contentUrl\":\"https:\/\/www.baliprocargo.com\/wp-content\/uploads\/2022\/04\/cropped-logo-fix-bali-pro-cargo.png\",\"width\":4000,\"height\":1164,\"caption\":\"Bali Pro Cargo\"},\"image\":{\"@id\":\"https:\/\/www.baliprocargo.com\/#\/schema\/logo\/image\/\"},\"sameAs\":[\"https:\/\/www.instagram.com\/bali.procargo\/\"]}]}<\/script>\n<!-- \/ Yoast SEO plugin. -->","yoast_head_json":{"title":"Moving Service Company - France Bali Java Indonesia - Bali Pro Cargo","description":"Bali Pro Cargo fournit des services de d\u00e9m\u00e9nagement pour ceux d'entre vous qui souhaitent se d\u00e9placer entre les villes, les provinces et \u00e0 l'international, qui sont g\u00e9r\u00e9s par notre \u00e9quipe professionnelle.","robots":{"index":"index","follow":"follow","max-snippet":"max-snippet:-1","max-image-preview":"max-image-preview:large","max-video-preview":"max-video-preview:-1"},"canonical":"https:\/\/www.baliprocargo.com\/en\/services-de-demenagement-bali\/","og_locale":"en_US","og_type":"article","og_title":"Entreprise de d\u00e9m\u00e9nagement - France Bali Java Indon\u00e9sie - Bali Pro Cargo","og_description":"Bali Pro Cargo fournit des services de d\u00e9m\u00e9nagement pour ceux d'entre vous qui souhaitent se d\u00e9placer entre les villes, les provinces et \u00e0 l'international, qui sont g\u00e9r\u00e9s par notre \u00e9quipe professionnelle.","og_url":"https:\/\/www.baliprocargo.com\/en\/services-de-demenagement-bali\/","og_site_name":"Bali Pro Cargo","article_modified_time":"2023-04-20T03:39:15+00:00","og_image":[{"url":"https:\/\/www.baliprocargo.com\/wp-content\/uploads\/elementor\/thumbs\/moving-services-bali-pro-cargo-pmwkymjxkx2d8ivnn1x068er7r69jhfxa3qlx6f2jk.jpeg","type":"","width":"","height":""}],"twitter_card":"summary_large_image","twitter_title":"Entreprise de d\u00e9m\u00e9nagement - France Bali Java Indon\u00e9sie - Bali Pro Cargo","twitter_description":"Bali Pro Cargo fournit des services de d\u00e9m\u00e9nagement pour ceux d'entre vous qui souhaitent se d\u00e9placer entre les villes, les provinces et \u00e0 l'international, qui sont g\u00e9r\u00e9s par notre \u00e9quipe professionnelle.","twitter_misc":{"Est. reading time":"2 minutes"},"schema":{"@context":"https:\/\/schema.org","@graph":[{"@type":"WebPage","@id":"https:\/\/www.baliprocargo.com\/services-de-demenagement-bali\/","url":"https:\/\/www.baliprocargo.com\/services-de-demenagement-bali\/","name":"Moving Service Company - France Bali Java Indonesia - Bali Pro Cargo","isPartOf":{"@id":"https:\/\/www.baliprocargo.com\/#website"},"primaryImageOfPage":{"@id":"https:\/\/www.baliprocargo.com\/services-de-demenagement-bali\/#primaryimage"},"image":{"@id":"https:\/\/www.baliprocargo.com\/services-de-demenagement-bali\/#primaryimage"},"thumbnailUrl":"https:\/\/www.baliprocargo.com\/wp-content\/uploads\/elementor\/thumbs\/moving-services-bali-pro-cargo-pmwkymjxkx2d8ivnn1x068er7r69jhfxa3qlx6f2jk.jpeg","datePublished":"2022-03-11T03:02:08+00:00","dateModified":"2023-04-20T03:39:15+00:00","description":"Bali Pro Cargo fournit des services de d\u00e9m\u00e9nagement pour ceux d'entre vous qui souhaitent se d\u00e9placer entre les villes, les provinces et \u00e0 l'international, qui sont g\u00e9r\u00e9s par notre \u00e9quipe professionnelle.","breadcrumb":{"@id":"https:\/\/www.baliprocargo.com\/services-de-demenagement-bali\/#breadcrumb"},"inLanguage":"en-US","potentialAction":[{"@type":"ReadAction","target":["https:\/\/www.baliprocargo.com\/services-de-demenagement-bali\/"]}]},{"@type":"ImageObject","inLanguage":"en-US","@id":"https:\/\/www.baliprocargo.com\/services-de-demenagement-bali\/#primaryimage","url":"https:\/\/www.baliprocargo.com\/wp-content\/uploads\/elementor\/thumbs\/moving-services-bali-pro-cargo-pmwkymjxkx2d8ivnn1x068er7r69jhfxa3qlx6f2jk.jpeg","contentUrl":"https:\/\/www.baliprocargo.com\/wp-content\/uploads\/elementor\/thumbs\/moving-services-bali-pro-cargo-pmwkymjxkx2d8ivnn1x068er7r69jhfxa3qlx6f2jk.jpeg"},{"@type":"BreadcrumbList","@id":"https:\/\/www.baliprocargo.com\/services-de-demenagement-bali\/#breadcrumb","itemListElement":[{"@type":"ListItem","position":1,"name":"Home","item":"https:\/\/www.baliprocargo.com\/"},{"@type":"ListItem","position":2,"name":"Services De D\u00e9m\u00e9nagement Bali"}]},{"@type":"WebSite","@id":"https:\/\/www.baliprocargo.com\/#website","url":"https:\/\/www.baliprocargo.com\/","name":"Bali Pro Cargo","description":"Agent Forwarder Cargo Transitaire \u00e0 Bali Java Indon\u00e9sie","publisher":{"@id":"https:\/\/www.baliprocargo.com\/#organization"},"potentialAction":[{"@type":"SearchAction","target":{"@type":"EntryPoint","urlTemplate":"https:\/\/www.baliprocargo.com\/?s={search_term_string}"},"query-input":{"@type":"PropertyValueSpecification","valueRequired":true,"valueName":"search_term_string"}}],"inLanguage":"en-US"},{"@type":"Organization","@id":"https:\/\/www.baliprocargo.com\/#organization","name":"Bali Pro Cargo","url":"https:\/\/www.baliprocargo.com\/","logo":{"@type":"ImageObject","inLanguage":"en-US","@id":"https:\/\/www.baliprocargo.com\/#\/schema\/logo\/image\/","url":"https:\/\/www.baliprocargo.com\/wp-content\/uploads\/2022\/04\/cropped-logo-fix-bali-pro-cargo.png","contentUrl":"https:\/\/www.baliprocargo.com\/wp-content\/uploads\/2022\/04\/cropped-logo-fix-bali-pro-cargo.png","width":4000,"height":1164,"caption":"Bali Pro Cargo"},"image":{"@id":"https:\/\/www.baliprocargo.com\/#\/schema\/logo\/image\/"},"sameAs":["https:\/\/www.instagram.com\/bali.procargo\/"]}]}},"_links":{"self":[{"href":"https:\/\/www.baliprocargo.com\/en\/wp-json\/wp\/v2\/pages\/385","targetHints":{"allow":["GET"]}}],"collection":[{"href":"https:\/\/www.baliprocargo.com\/en\/wp-json\/wp\/v2\/pages"}],"about":[{"href":"https:\/\/www.baliprocargo.com\/en\/wp-json\/wp\/v2\/types\/page"}],"author":[{"embeddable":true,"href":"https:\/\/www.baliprocargo.com\/en\/wp-json\/wp\/v2\/users\/1"}],"replies":[{"embeddable":true,"href":"https:\/\/www.baliprocargo.com\/en\/wp-json\/wp\/v2\/comments?post=385"}],"version-history":[{"count":0,"href":"https:\/\/www.baliprocargo.com\/en\/wp-json\/wp\/v2\/pages\/385\/revisions"}],"wp:attachment":[{"href":"https:\/\/www.baliprocargo.com\/en\/wp-json\/wp\/v2\/media?parent=385"}],"curies":[{"name":"wp","href":"https:\/\/api.w.org\/{rel}","templated":true}]}}