{"id":1570,"date":"2022-03-23T05:56:52","date_gmt":"2022-03-23T05:56:52","guid":{"rendered":"https:\/\/www.baliprocargo.com\/?page_id=1570"},"modified":"2023-04-20T03:35:54","modified_gmt":"2023-04-20T03:35:54","slug":"gestions-dargent","status":"publish","type":"page","link":"https:\/\/www.baliprocargo.com\/en\/money-management\/","title":{"rendered":"Gestions d&rsquo;Argent"},"content":{"rendered":"<div data-elementor-type=\"wp-page\" data-elementor-id=\"1570\" class=\"elementor elementor-1570\" data-elementor-settings=\"{&quot;ha_cmc_init_switcher&quot;:&quot;no&quot;}\" data-elementor-post-type=\"page\">\n\t\t\t\t\t\t<section class=\"elementor-section elementor-top-section elementor-element elementor-element-9f79eca elementor-section-full_width elementor-section-height-default elementor-section-height-default\" data-id=\"9f79eca\" data-element_type=\"section\" data-settings=\"{&quot;background_background&quot;:&quot;classic&quot;,&quot;_ha_eqh_enable&quot;:false}\">\n\t\t\t\t\t\t<div class=\"elementor-container elementor-column-gap-default\">\n\t\t\t\t\t<div class=\"elementor-column elementor-col-100 elementor-top-column elementor-element elementor-element-4d565a7\" data-id=\"4d565a7\" data-element_type=\"column\">\n\t\t\t<div class=\"elementor-widget-wrap elementor-element-populated\">\n\t\t\t\t\t\t<section class=\"elementor-section elementor-inner-section elementor-element elementor-element-d3e7adc elementor-section-boxed elementor-section-height-default elementor-section-height-default\" data-id=\"d3e7adc\" data-element_type=\"section\" data-settings=\"{&quot;background_background&quot;:&quot;classic&quot;,&quot;_ha_eqh_enable&quot;:false}\">\n\t\t\t\t\t\t<div class=\"elementor-container elementor-column-gap-default\">\n\t\t\t\t\t<div class=\"elementor-column elementor-col-100 elementor-inner-column elementor-element elementor-element-f392590\" data-id=\"f392590\" data-element_type=\"column\">\n\t\t\t<div class=\"elementor-widget-wrap elementor-element-populated\">\n\t\t\t\t\t\t<div class=\"elementor-element elementor-element-a65e9de elementor-widget elementor-widget-heading\" data-id=\"a65e9de\" data-element_type=\"widget\" data-widget_type=\"heading.default\">\n\t\t\t\t<div class=\"elementor-widget-container\">\n\t\t\t\t\t<h1 class=\"elementor-heading-title elementor-size-default\">MONEY MANAGEMENT<\/h1>\t\t\t\t<\/div>\n\t\t\t\t<\/div>\n\t\t\t\t<div class=\"elementor-element elementor-element-f371cbd elementor-icon-list--layout-inline elementor-align-center elementor-list-item-link-full_width elementor-widget elementor-widget-icon-list\" data-id=\"f371cbd\" data-element_type=\"widget\" data-widget_type=\"icon-list.default\">\n\t\t\t\t<div class=\"elementor-widget-container\">\n\t\t\t\t\t\t\t<ul class=\"elementor-icon-list-items elementor-inline-items\">\n\t\t\t\t\t\t\t<li class=\"elementor-icon-list-item elementor-inline-item\">\n\t\t\t\t\t\t\t\t\t\t\t<a href=\"https:\/\/www.baliprocargo.com\/en\/\">\n\n\t\t\t\t\t\t\t\t\t\t\t<span class=\"elementor-icon-list-text\">Home<\/span>\n\t\t\t\t\t\t\t\t\t\t\t<\/a>\n\t\t\t\t\t\t\t\t\t<\/li>\n\t\t\t\t\t\t\t\t<li class=\"elementor-icon-list-item elementor-inline-item\">\n\t\t\t\t\t\t\t\t\t\t\t<a href=\"https:\/\/www.baliprocargo.com\/en\/service-de-conteneurs-a-bali\/\">\n\n\t\t\t\t\t\t\t\t\t\t\t\t<span class=\"elementor-icon-list-icon\">\n\t\t\t\t\t\t\t<i aria-hidden=\"true\" class=\"fas fa-long-arrow-alt-right\"><\/i>\t\t\t\t\t\t<\/span>\n\t\t\t\t\t\t\t\t\t\t<span class=\"elementor-icon-list-text\">Services<\/span>\n\t\t\t\t\t\t\t\t\t\t\t<\/a>\n\t\t\t\t\t\t\t\t\t<\/li>\n\t\t\t\t\t\t\t\t<li class=\"elementor-icon-list-item elementor-inline-item\">\n\t\t\t\t\t\t\t\t\t\t\t<span class=\"elementor-icon-list-icon\">\n\t\t\t\t\t\t\t<i aria-hidden=\"true\" class=\"fas fa-long-arrow-alt-right\"><\/i>\t\t\t\t\t\t<\/span>\n\t\t\t\t\t\t\t\t\t\t<span class=\"elementor-icon-list-text\">Money Management<\/span>\n\t\t\t\t\t\t\t\t\t<\/li>\n\t\t\t\t\t\t<\/ul>\n\t\t\t\t\t\t<\/div>\n\t\t\t\t<\/div>\n\t\t\t\t\t<\/div>\n\t\t<\/div>\n\t\t\t\t\t<\/div>\n\t\t<\/section>\n\t\t\t\t\t<\/div>\n\t\t<\/div>\n\t\t\t\t\t<\/div>\n\t\t<\/section>\n\t\t\t\t<section class=\"elementor-section elementor-top-section elementor-element elementor-element-38971c1 elementor-section-boxed elementor-section-height-default elementor-section-height-default\" data-id=\"38971c1\" data-element_type=\"section\" data-settings=\"{&quot;_ha_eqh_enable&quot;:false}\">\n\t\t\t\t\t\t<div class=\"elementor-container elementor-column-gap-default\">\n\t\t\t\t\t<div class=\"elementor-column elementor-col-100 elementor-top-column elementor-element elementor-element-754f0cf\" data-id=\"754f0cf\" data-element_type=\"column\">\n\t\t\t<div class=\"elementor-widget-wrap elementor-element-populated\">\n\t\t\t\t\t\t<section class=\"elementor-section elementor-inner-section elementor-element elementor-element-cfc6033 elementor-section-boxed elementor-section-height-default elementor-section-height-default\" data-id=\"cfc6033\" data-element_type=\"section\" data-settings=\"{&quot;_ha_eqh_enable&quot;:false}\">\n\t\t\t\t\t\t<div class=\"elementor-container elementor-column-gap-default\">\n\t\t\t\t\t<div class=\"elementor-column elementor-col-50 elementor-inner-column elementor-element elementor-element-a71b40f\" data-id=\"a71b40f\" data-element_type=\"column\">\n\t\t\t<div class=\"elementor-widget-wrap elementor-element-populated\">\n\t\t\t\t\t\t<div class=\"elementor-element elementor-element-aeae51c elementor-widget elementor-widget-heading\" data-id=\"aeae51c\" data-element_type=\"widget\" data-widget_type=\"heading.default\">\n\t\t\t\t<div class=\"elementor-widget-container\">\n\t\t\t\t\t<h2 class=\"elementor-heading-title elementor-size-default\">Money Management Service<\/h2>\t\t\t\t<\/div>\n\t\t\t\t<\/div>\n\t\t\t\t<div class=\"elementor-element elementor-element-1e74950 elementor-widget elementor-widget-heading\" data-id=\"1e74950\" data-element_type=\"widget\" data-widget_type=\"heading.default\">\n\t\t\t\t<div class=\"elementor-widget-container\">\n\t\t\t\t\t<p class=\"elementor-heading-title elementor-size-default translation-block\"><b>Have many invoices from your suppliers, transport and more? Struggling to <\/b><b>manage?<\/b><\/p>\t\t\t\t<\/div>\n\t\t\t\t<\/div>\n\t\t\t\t<div class=\"elementor-element elementor-element-e082933 elementor-widget elementor-widget-text-editor\" data-id=\"e082933\" data-element_type=\"widget\" data-widget_type=\"text-editor.default\">\n\t\t\t\t<div class=\"elementor-widget-container\">\n\t\t\t\t\t\t\t\t\t<p>Payments to foreign accounts quickly became expensive, due to high taxes. Don't worry, we offer our money management service to help you manage all your bill payments.<\/p>\t\t\t\t\t\t\t\t<\/div>\n\t\t\t\t<\/div>\n\t\t\t\t<div class=\"elementor-element elementor-element-f800141 elementor-widget elementor-widget-heading\" data-id=\"f800141\" data-element_type=\"widget\" data-widget_type=\"heading.default\">\n\t\t\t\t<div class=\"elementor-widget-container\">\n\t\t\t\t\t<h2 class=\"elementor-heading-title elementor-size-default\"><b>How it Works?<\/b><\/h2>\t\t\t\t<\/div>\n\t\t\t\t<\/div>\n\t\t\t\t<div class=\"elementor-element elementor-element-1ef09fa elementor-widget elementor-widget-text-editor\" data-id=\"1ef09fa\" data-element_type=\"widget\" data-widget_type=\"text-editor.default\">\n\t\t\t\t<div class=\"elementor-widget-container\">\n\t\t\t\t\t\t\t\t\t<p>It's very simple, we provide you with a total to send to our account, then we will process all your payments.<span style=\"font-style: inherit;\">&nbsp;You will get the following information:<\/span><\/p>\n<ol>\n<li>Detail showing the amount you received and the amount you spent to pay the supplier.<\/li>\n<li>Invoice from your supplier, the amount paid as a deposit and the amount to be paid.<\/li>\n<\/ol>\t\t\t\t\t\t\t\t<\/div>\n\t\t\t\t<\/div>\n\t\t\t\t\t<\/div>\n\t\t<\/div>\n\t\t\t\t<div class=\"elementor-column elementor-col-50 elementor-inner-column elementor-element elementor-element-126d64f\" data-id=\"126d64f\" data-element_type=\"column\">\n\t\t\t<div class=\"elementor-widget-wrap\">\n\t\t\t\t\t\t\t<\/div>\n\t\t<\/div>\n\t\t\t\t\t<\/div>\n\t\t<\/section>\n\t\t\t\t\t<\/div>\n\t\t<\/div>\n\t\t\t\t\t<\/div>\n\t\t<\/section>\n\t\t\t\t<section class=\"elementor-section elementor-top-section elementor-element elementor-element-fa8d59b elementor-section-boxed elementor-section-height-default elementor-section-height-default\" data-id=\"fa8d59b\" data-element_type=\"section\" data-settings=\"{&quot;background_background&quot;:&quot;classic&quot;,&quot;_ha_eqh_enable&quot;:false}\">\n\t\t\t\t\t\t<div class=\"elementor-container elementor-column-gap-default\">\n\t\t\t\t\t<div class=\"elementor-column elementor-col-33 elementor-top-column elementor-element elementor-element-e7f995e\" data-id=\"e7f995e\" data-element_type=\"column\">\n\t\t\t<div class=\"elementor-widget-wrap elementor-element-populated\">\n\t\t\t\t\t\t<div class=\"elementor-element elementor-element-a1f720b elementor-widget elementor-widget-heading\" data-id=\"a1f720b\" data-element_type=\"widget\" data-widget_type=\"heading.default\">\n\t\t\t\t<div class=\"elementor-widget-container\">\n\t\t\t\t\t<h4 class=\"elementor-heading-title elementor-size-default\">Des questions ?<\/h4>\t\t\t\t<\/div>\n\t\t\t\t<\/div>\n\t\t\t\t<div class=\"elementor-element elementor-element-30560dd elementor-widget elementor-widget-heading\" data-id=\"30560dd\" data-element_type=\"widget\" data-widget_type=\"heading.default\">\n\t\t\t\t<div class=\"elementor-widget-container\">\n\t\t\t\t\t<h4 class=\"elementor-heading-title elementor-size-default\">We will give best solution for you<\/h4>\t\t\t\t<\/div>\n\t\t\t\t<\/div>\n\t\t\t\t\t<\/div>\n\t\t<\/div>\n\t\t\t\t<div class=\"elementor-column elementor-col-33 elementor-top-column elementor-element elementor-element-0e1347d\" data-id=\"0e1347d\" data-element_type=\"column\">\n\t\t\t<div class=\"elementor-widget-wrap elementor-element-populated\">\n\t\t\t\t\t\t<div class=\"elementor-element elementor-element-69d732f elementor-widget elementor-widget-image\" data-id=\"69d732f\" data-element_type=\"widget\" data-widget_type=\"image.default\">\n\t\t\t\t<div class=\"elementor-widget-container\">\n\t\t\t\t\t\t\t\t\t\t\t\t\t\t\t<img fetchpriority=\"high\" decoding=\"async\" width=\"1024\" height=\"758\" src=\"https:\/\/www.baliprocargo.com\/wp-content\/uploads\/2022\/03\/cs-bali-pro-cargo-1024x758.png\" class=\"attachment-large size-large wp-image-1502\" alt=\"cs bali pro cargo\" srcset=\"https:\/\/www.baliprocargo.com\/wp-content\/uploads\/2022\/03\/cs-bali-pro-cargo-1024x758.png 1024w, https:\/\/www.baliprocargo.com\/wp-content\/uploads\/2022\/03\/cs-bali-pro-cargo-300x222.png 300w, https:\/\/www.baliprocargo.com\/wp-content\/uploads\/2022\/03\/cs-bali-pro-cargo-768x568.png 768w, https:\/\/www.baliprocargo.com\/wp-content\/uploads\/2022\/03\/cs-bali-pro-cargo-1536x1137.png 1536w, https:\/\/www.baliprocargo.com\/wp-content\/uploads\/2022\/03\/cs-bali-pro-cargo-2048x1516.png 2048w, https:\/\/www.baliprocargo.com\/wp-content\/uploads\/2022\/03\/cs-bali-pro-cargo-16x12.png 16w\" sizes=\"(max-width: 1024px) 100vw, 1024px\" \/>\t\t\t\t\t\t\t\t\t\t\t\t\t\t\t<\/div>\n\t\t\t\t<\/div>\n\t\t\t\t\t<\/div>\n\t\t<\/div>\n\t\t\t\t<div class=\"elementor-column elementor-col-33 elementor-top-column elementor-element elementor-element-27c38bc\" data-id=\"27c38bc\" data-element_type=\"column\">\n\t\t\t<div class=\"elementor-widget-wrap elementor-element-populated\">\n\t\t\t\t\t\t<div class=\"elementor-element elementor-element-b6e3285 elementor-align-center elementor-widget elementor-widget-button\" data-id=\"b6e3285\" data-element_type=\"widget\" data-widget_type=\"button.default\">\n\t\t\t\t<div class=\"elementor-widget-container\">\n\t\t\t\t\t\t\t\t\t<div class=\"elementor-button-wrapper\">\n\t\t\t\t\t<a class=\"elementor-button elementor-button-link elementor-size-lg\" href=\"http:\/\/wa.me\/6287863260506\">\n\t\t\t\t\t\t<span class=\"elementor-button-content-wrapper\">\n\t\t\t\t\t\t\t\t\t<span class=\"elementor-button-text\">Contact Us<\/span>\n\t\t\t\t\t<\/span>\n\t\t\t\t\t<\/a>\n\t\t\t\t<\/div>\n\t\t\t\t\t\t\t\t<\/div>\n\t\t\t\t<\/div>\n\t\t\t\t\t<\/div>\n\t\t<\/div>\n\t\t\t\t\t<\/div>\n\t\t<\/section>\n\t\t\t\t<\/div>","protected":false},"excerpt":{"rendered":"<p>GESTION D&rsquo;ARGENT Acceuil Services Gestion D&rsquo;argent Service de gestion de l&rsquo;argent Trop de factures de vos fournisseurs, du transport et autre&nbsp;? Vous avez du mal \u00e0 en g\u00e9rer autant ? Les paiements vers un compte \u00e9tranger peut devenir vite cher, \u00e0 cause de taxes \u00e9lev\u00e9s. Pas d&rsquo;inqui\u00e9tude, nous vous offrons nos services de gestion d&rsquo;argent [&hellip;]<\/p>","protected":false},"author":1,"featured_media":0,"parent":0,"menu_order":0,"comment_status":"closed","ping_status":"closed","template":"","meta":{"site-sidebar-layout":"no-sidebar","site-content-layout":"page-builder","ast-site-content-layout":"default","site-content-style":"default","site-sidebar-style":"default","ast-global-header-display":"","ast-banner-title-visibility":"","ast-main-header-display":"","ast-hfb-above-header-display":"","ast-hfb-below-header-display":"","ast-hfb-mobile-header-display":"","site-post-title":"disabled","ast-breadcrumbs-content":"","ast-featured-img":"disabled","footer-sml-layout":"","ast-disable-related-posts":"","theme-transparent-header-meta":"","adv-header-id-meta":"","stick-header-meta":"","header-above-stick-meta":"","header-main-stick-meta":"","header-below-stick-meta":"","astra-migrate-meta-layouts":"default","ast-page-background-enabled":"default","ast-page-background-meta":{"desktop":{"background-color":"var(--ast-global-color-4)","background-image":"","background-repeat":"repeat","background-position":"center center","background-size":"auto","background-attachment":"scroll","background-type":"","background-media":"","overlay-type":"","overlay-color":"","overlay-opacity":"","overlay-gradient":""},"tablet":{"background-color":"","background-image":"","background-repeat":"repeat","background-position":"center center","background-size":"auto","background-attachment":"scroll","background-type":"","background-media":"","overlay-type":"","overlay-color":"","overlay-opacity":"","overlay-gradient":""},"mobile":{"background-color":"","background-image":"","background-repeat":"repeat","background-position":"center center","background-size":"auto","background-attachment":"scroll","background-type":"","background-media":"","overlay-type":"","overlay-color":"","overlay-opacity":"","overlay-gradient":""}},"ast-content-background-meta":{"desktop":{"background-color":"var(--ast-global-color-5)","background-image":"","background-repeat":"repeat","background-position":"center center","background-size":"auto","background-attachment":"scroll","background-type":"","background-media":"","overlay-type":"","overlay-color":"","overlay-opacity":"","overlay-gradient":""},"tablet":{"background-color":"var(--ast-global-color-5)","background-image":"","background-repeat":"repeat","background-position":"center center","background-size":"auto","background-attachment":"scroll","background-type":"","background-media":"","overlay-type":"","overlay-color":"","overlay-opacity":"","overlay-gradient":""},"mobile":{"background-color":"var(--ast-global-color-5)","background-image":"","background-repeat":"repeat","background-position":"center center","background-size":"auto","background-attachment":"scroll","background-type":"","background-media":"","overlay-type":"","overlay-color":"","overlay-opacity":"","overlay-gradient":""}},"footnotes":""},"class_list":["post-1570","page","type-page","status-publish","hentry"],"yoast_head":"<!-- This site is optimized with the Yoast SEO plugin v25.7 - https:\/\/yoast.com\/wordpress\/plugins\/seo\/ -->\n<title>Gestions d&#039;Argent - Bali Pro Cargo<\/title>\n<meta name=\"description\" content=\"Bali Pro Cargo propose des services de gestion de l&#039;argent qui vous aident \u00e0 g\u00e9rer votre facture du fournisseur \u00e0 Bali, en Indon\u00e9sie.\" \/>\n<meta name=\"robots\" content=\"index, follow, max-snippet:-1, max-image-preview:large, max-video-preview:-1\" \/>\n<link rel=\"canonical\" href=\"https:\/\/www.baliprocargo.com\/en\/gestions-dargent\/\" \/>\n<meta property=\"og:locale\" content=\"en_US\" \/>\n<meta property=\"og:type\" content=\"article\" \/>\n<meta property=\"og:title\" content=\"Gestions d&#039;Argent - Bali Pro Cargo\" \/>\n<meta property=\"og:description\" content=\"Bali Pro Cargo propose des services de gestion de l&#039;argent qui vous aident \u00e0 g\u00e9rer votre facture du fournisseur \u00e0 Bali, en Indon\u00e9sie.\" \/>\n<meta property=\"og:url\" content=\"https:\/\/www.baliprocargo.com\/en\/gestions-dargent\/\" \/>\n<meta property=\"og:site_name\" content=\"Bali Pro Cargo\" \/>\n<meta property=\"article:modified_time\" content=\"2023-04-20T03:35:54+00:00\" \/>\n<meta property=\"og:image\" content=\"https:\/\/www.baliprocargo.com\/wp-content\/uploads\/2022\/03\/cs-bali-pro-cargo-1024x758.png\" \/>\n<meta name=\"twitter:card\" content=\"summary_large_image\" \/>\n<meta name=\"twitter:title\" content=\"Gestions d&#039;Argent - Bali Pro Cargo\" \/>\n<meta name=\"twitter:description\" content=\"Bali Pro Cargo propose des services de gestion de l&#039;argent qui vous aident \u00e0 g\u00e9rer votre facture du fournisseur \u00e0 Bali, en Indon\u00e9sie.\" \/>\n<meta name=\"twitter:label1\" content=\"Est. reading time\" \/>\n\t<meta name=\"twitter:data1\" content=\"1 minute\" \/>\n<script type=\"application\/ld+json\" class=\"yoast-schema-graph\">{\"@context\":\"https:\/\/schema.org\",\"@graph\":[{\"@type\":\"WebPage\",\"@id\":\"https:\/\/www.baliprocargo.com\/gestions-dargent\/\",\"url\":\"https:\/\/www.baliprocargo.com\/gestions-dargent\/\",\"name\":\"Gestions d'Argent - Bali Pro Cargo\",\"isPartOf\":{\"@id\":\"https:\/\/www.baliprocargo.com\/#website\"},\"primaryImageOfPage\":{\"@id\":\"https:\/\/www.baliprocargo.com\/gestions-dargent\/#primaryimage\"},\"image\":{\"@id\":\"https:\/\/www.baliprocargo.com\/gestions-dargent\/#primaryimage\"},\"thumbnailUrl\":\"https:\/\/www.baliprocargo.com\/wp-content\/uploads\/2022\/03\/cs-bali-pro-cargo-1024x758.png\",\"datePublished\":\"2022-03-23T05:56:52+00:00\",\"dateModified\":\"2023-04-20T03:35:54+00:00\",\"description\":\"Bali Pro Cargo propose des services de gestion de l'argent qui vous aident \u00e0 g\u00e9rer votre facture du fournisseur \u00e0 Bali, en Indon\u00e9sie.\",\"breadcrumb\":{\"@id\":\"https:\/\/www.baliprocargo.com\/gestions-dargent\/#breadcrumb\"},\"inLanguage\":\"en-US\",\"potentialAction\":[{\"@type\":\"ReadAction\",\"target\":[\"https:\/\/www.baliprocargo.com\/gestions-dargent\/\"]}]},{\"@type\":\"ImageObject\",\"inLanguage\":\"en-US\",\"@id\":\"https:\/\/www.baliprocargo.com\/gestions-dargent\/#primaryimage\",\"url\":\"https:\/\/www.baliprocargo.com\/wp-content\/uploads\/2022\/03\/cs-bali-pro-cargo-1024x758.png\",\"contentUrl\":\"https:\/\/www.baliprocargo.com\/wp-content\/uploads\/2022\/03\/cs-bali-pro-cargo-1024x758.png\"},{\"@type\":\"BreadcrumbList\",\"@id\":\"https:\/\/www.baliprocargo.com\/gestions-dargent\/#breadcrumb\",\"itemListElement\":[{\"@type\":\"ListItem\",\"position\":1,\"name\":\"Home\",\"item\":\"https:\/\/www.baliprocargo.com\/\"},{\"@type\":\"ListItem\",\"position\":2,\"name\":\"Gestions d&#8217;Argent\"}]},{\"@type\":\"WebSite\",\"@id\":\"https:\/\/www.baliprocargo.com\/#website\",\"url\":\"https:\/\/www.baliprocargo.com\/\",\"name\":\"Bali Pro Cargo\",\"description\":\"Agent Forwarder Cargo Transitaire \u00e0 Bali Java Indon\u00e9sie\",\"publisher\":{\"@id\":\"https:\/\/www.baliprocargo.com\/#organization\"},\"potentialAction\":[{\"@type\":\"SearchAction\",\"target\":{\"@type\":\"EntryPoint\",\"urlTemplate\":\"https:\/\/www.baliprocargo.com\/?s={search_term_string}\"},\"query-input\":{\"@type\":\"PropertyValueSpecification\",\"valueRequired\":true,\"valueName\":\"search_term_string\"}}],\"inLanguage\":\"en-US\"},{\"@type\":\"Organization\",\"@id\":\"https:\/\/www.baliprocargo.com\/#organization\",\"name\":\"Bali Pro Cargo\",\"url\":\"https:\/\/www.baliprocargo.com\/\",\"logo\":{\"@type\":\"ImageObject\",\"inLanguage\":\"en-US\",\"@id\":\"https:\/\/www.baliprocargo.com\/#\/schema\/logo\/image\/\",\"url\":\"https:\/\/www.baliprocargo.com\/wp-content\/uploads\/2022\/04\/cropped-logo-fix-bali-pro-cargo.png\",\"contentUrl\":\"https:\/\/www.baliprocargo.com\/wp-content\/uploads\/2022\/04\/cropped-logo-fix-bali-pro-cargo.png\",\"width\":4000,\"height\":1164,\"caption\":\"Bali Pro Cargo\"},\"image\":{\"@id\":\"https:\/\/www.baliprocargo.com\/#\/schema\/logo\/image\/\"},\"sameAs\":[\"https:\/\/www.instagram.com\/bali.procargo\/\"]}]}<\/script>\n<!-- \/ Yoast SEO plugin. -->","yoast_head_json":{"title":"Gestions d'Argent - Bali Pro Cargo","description":"Bali Pro Cargo propose des services de gestion de l'argent qui vous aident \u00e0 g\u00e9rer votre facture du fournisseur \u00e0 Bali, en Indon\u00e9sie.","robots":{"index":"index","follow":"follow","max-snippet":"max-snippet:-1","max-image-preview":"max-image-preview:large","max-video-preview":"max-video-preview:-1"},"canonical":"https:\/\/www.baliprocargo.com\/en\/gestions-dargent\/","og_locale":"en_US","og_type":"article","og_title":"Gestions d'Argent - Bali Pro Cargo","og_description":"Bali Pro Cargo propose des services de gestion de l'argent qui vous aident \u00e0 g\u00e9rer votre facture du fournisseur \u00e0 Bali, en Indon\u00e9sie.","og_url":"https:\/\/www.baliprocargo.com\/en\/gestions-dargent\/","og_site_name":"Bali Pro Cargo","article_modified_time":"2023-04-20T03:35:54+00:00","og_image":[{"url":"https:\/\/www.baliprocargo.com\/wp-content\/uploads\/2022\/03\/cs-bali-pro-cargo-1024x758.png","type":"","width":"","height":""}],"twitter_card":"summary_large_image","twitter_title":"Gestions d'Argent - Bali Pro Cargo","twitter_description":"Bali Pro Cargo propose des services de gestion de l'argent qui vous aident \u00e0 g\u00e9rer votre facture du fournisseur \u00e0 Bali, en Indon\u00e9sie.","twitter_misc":{"Est. reading time":"1 minute"},"schema":{"@context":"https:\/\/schema.org","@graph":[{"@type":"WebPage","@id":"https:\/\/www.baliprocargo.com\/gestions-dargent\/","url":"https:\/\/www.baliprocargo.com\/gestions-dargent\/","name":"Gestions d'Argent - Bali Pro Cargo","isPartOf":{"@id":"https:\/\/www.baliprocargo.com\/#website"},"primaryImageOfPage":{"@id":"https:\/\/www.baliprocargo.com\/gestions-dargent\/#primaryimage"},"image":{"@id":"https:\/\/www.baliprocargo.com\/gestions-dargent\/#primaryimage"},"thumbnailUrl":"https:\/\/www.baliprocargo.com\/wp-content\/uploads\/2022\/03\/cs-bali-pro-cargo-1024x758.png","datePublished":"2022-03-23T05:56:52+00:00","dateModified":"2023-04-20T03:35:54+00:00","description":"Bali Pro Cargo propose des services de gestion de l'argent qui vous aident \u00e0 g\u00e9rer votre facture du fournisseur \u00e0 Bali, en Indon\u00e9sie.","breadcrumb":{"@id":"https:\/\/www.baliprocargo.com\/gestions-dargent\/#breadcrumb"},"inLanguage":"en-US","potentialAction":[{"@type":"ReadAction","target":["https:\/\/www.baliprocargo.com\/gestions-dargent\/"]}]},{"@type":"ImageObject","inLanguage":"en-US","@id":"https:\/\/www.baliprocargo.com\/gestions-dargent\/#primaryimage","url":"https:\/\/www.baliprocargo.com\/wp-content\/uploads\/2022\/03\/cs-bali-pro-cargo-1024x758.png","contentUrl":"https:\/\/www.baliprocargo.com\/wp-content\/uploads\/2022\/03\/cs-bali-pro-cargo-1024x758.png"},{"@type":"BreadcrumbList","@id":"https:\/\/www.baliprocargo.com\/gestions-dargent\/#breadcrumb","itemListElement":[{"@type":"ListItem","position":1,"name":"Home","item":"https:\/\/www.baliprocargo.com\/"},{"@type":"ListItem","position":2,"name":"Gestions d&#8217;Argent"}]},{"@type":"WebSite","@id":"https:\/\/www.baliprocargo.com\/#website","url":"https:\/\/www.baliprocargo.com\/","name":"Bali Pro Cargo","description":"Agent Forwarder Cargo Transitaire \u00e0 Bali Java Indon\u00e9sie","publisher":{"@id":"https:\/\/www.baliprocargo.com\/#organization"},"potentialAction":[{"@type":"SearchAction","target":{"@type":"EntryPoint","urlTemplate":"https:\/\/www.baliprocargo.com\/?s={search_term_string}"},"query-input":{"@type":"PropertyValueSpecification","valueRequired":true,"valueName":"search_term_string"}}],"inLanguage":"en-US"},{"@type":"Organization","@id":"https:\/\/www.baliprocargo.com\/#organization","name":"Bali Pro Cargo","url":"https:\/\/www.baliprocargo.com\/","logo":{"@type":"ImageObject","inLanguage":"en-US","@id":"https:\/\/www.baliprocargo.com\/#\/schema\/logo\/image\/","url":"https:\/\/www.baliprocargo.com\/wp-content\/uploads\/2022\/04\/cropped-logo-fix-bali-pro-cargo.png","contentUrl":"https:\/\/www.baliprocargo.com\/wp-content\/uploads\/2022\/04\/cropped-logo-fix-bali-pro-cargo.png","width":4000,"height":1164,"caption":"Bali Pro Cargo"},"image":{"@id":"https:\/\/www.baliprocargo.com\/#\/schema\/logo\/image\/"},"sameAs":["https:\/\/www.instagram.com\/bali.procargo\/"]}]}},"_links":{"self":[{"href":"https:\/\/www.baliprocargo.com\/en\/wp-json\/wp\/v2\/pages\/1570","targetHints":{"allow":["GET"]}}],"collection":[{"href":"https:\/\/www.baliprocargo.com\/en\/wp-json\/wp\/v2\/pages"}],"about":[{"href":"https:\/\/www.baliprocargo.com\/en\/wp-json\/wp\/v2\/types\/page"}],"author":[{"embeddable":true,"href":"https:\/\/www.baliprocargo.com\/en\/wp-json\/wp\/v2\/users\/1"}],"replies":[{"embeddable":true,"href":"https:\/\/www.baliprocargo.com\/en\/wp-json\/wp\/v2\/comments?post=1570"}],"version-history":[{"count":0,"href":"https:\/\/www.baliprocargo.com\/en\/wp-json\/wp\/v2\/pages\/1570\/revisions"}],"wp:attachment":[{"href":"https:\/\/www.baliprocargo.com\/en\/wp-json\/wp\/v2\/media?parent=1570"}],"curies":[{"name":"wp","href":"https:\/\/api.w.org\/{rel}","templated":true}]}}